{"id":1306,"date":"2021-09-15T10:28:16","date_gmt":"2021-09-15T08:28:16","guid":{"rendered":"https:\/\/hostalesteba.com\/?page_id=1306"},"modified":"2022-04-06T11:53:32","modified_gmt":"2022-04-06T09:53:32","slug":"contact-hostal-esteba","status":"publish","type":"page","link":"https:\/\/hostalesteba.com\/en\/contact-hostal-esteba\/","title":{"rendered":"Contact Hostal Esteba"},"content":{"rendered":"\t\t<div data-elementor-type=\"wp-page\" data-elementor-id=\"1306\" class=\"elementor elementor-1306\" data-elementor-post-type=\"page\">\n\t\t\t\t\t\t<section class=\"elementor-section elementor-top-section elementor-element elementor-element-31a657d8 elementor-section-height-min-height elementor-section-boxed elementor-section-height-default elementor-section-items-middle\" data-id=\"31a657d8\" data-element_type=\"section\" data-e-type=\"section\" data-settings=\"{&quot;background_background&quot;:&quot;classic&quot;}\">\n\t\t\t\t\t\t\t<div class=\"elementor-background-overlay\"><\/div>\n\t\t\t\t\t\t\t<div class=\"elementor-container elementor-column-gap-default\">\n\t\t\t\t\t<div class=\"elementor-column elementor-col-100 elementor-top-column elementor-element elementor-element-7ea15543\" data-id=\"7ea15543\" data-element_type=\"column\" data-e-type=\"column\">\n\t\t\t<div class=\"elementor-widget-wrap elementor-element-populated\">\n\t\t\t\t\t\t<div class=\"elementor-element elementor-element-2da798d elementor-widget elementor-widget-heading\" data-id=\"2da798d\" data-element_type=\"widget\" data-e-type=\"widget\" data-widget_type=\"heading.default\">\n\t\t\t\t\t<h1 class=\"elementor-heading-title elementor-size-default\">CONTACT HOSTAL ESTEBA<\/h1>\t\t\t\t<\/div>\n\t\t\t\t\t<\/div>\n\t\t<\/div>\n\t\t\t\t\t<\/div>\n\t\t<\/section>\n\t\t\t\t<section class=\"elementor-section elementor-top-section elementor-element elementor-element-482ea2ac elementor-hidden-tablet elementor-hidden-mobile elementor-section-boxed elementor-section-height-default elementor-section-height-default\" data-id=\"482ea2ac\" data-element_type=\"section\" data-e-type=\"section\">\n\t\t\t\t\t\t<div class=\"elementor-container elementor-column-gap-default\">\n\t\t\t\t\t<div class=\"elementor-column elementor-col-100 elementor-top-column elementor-element elementor-element-2d0aebf4\" data-id=\"2d0aebf4\" data-element_type=\"column\" data-e-type=\"column\">\n\t\t\t<div class=\"elementor-widget-wrap elementor-element-populated\">\n\t\t\t\t\t\t<div class=\"elementor-element elementor-element-196c4c7 elementor-icon-list--layout-traditional elementor-list-item-link-full_width elementor-widget elementor-widget-icon-list\" data-id=\"196c4c7\" data-element_type=\"widget\" data-e-type=\"widget\" data-widget_type=\"icon-list.default\">\n\t\t\t\t\t\t\t<ul class=\"elementor-icon-list-items\">\n\t\t\t\t\t\t\t<li class=\"elementor-icon-list-item\">\n\t\t\t\t\t\t\t\t\t\t\t<span class=\"elementor-icon-list-icon\">\n\t\t\t\t\t\t\t<i aria-hidden=\"true\" class=\"eci  fontello-eb757f56-calendar2\"><\/i>\t\t\t\t\t\t<\/span>\n\t\t\t\t\t\t\t\t\t\t<span class=\"elementor-icon-list-text\">Book now your Hostel in Caldes de Malavella at the best price online <\/span>\n\t\t\t\t\t\t\t\t\t<\/li>\n\t\t\t\t\t\t<\/ul>\n\t\t\t\t\t\t<\/div>\n\t\t\t\t<div class=\"elementor-element elementor-element-38278a72 elementor-widget elementor-widget-shortcode\" data-id=\"38278a72\" data-element_type=\"widget\" data-e-type=\"widget\" data-widget_type=\"shortcode.default\">\n\t\t\t\t\t\t\t<div class=\"elementor-shortcode\">        <link href=\"https:\/\/fonts.googleapis.com\/css2?family=Roboto:ital,wght@0,100;0,200;0,300;0,400;0,500;0,600;0,700;0,800;0,900;1,100;1,200;1,300;1,400;1,500;1,600;1,700;1,800;1,900&display=swap\" rel=\"stylesheet\">\r\n<style>\r\n    .avc-calendar.avc-calendar-1 {\r\n        background-color: rgba(227, 236, 247, 0.5);\r\n        border-width: 0px;\r\n        border-color: rgba(0,0,0,1);\r\n        border-radius: 4px;\r\n        column-gap: 16px;\r\n        row-gap: 16px;\r\n        font-family: \"Roboto\";\r\n    }\r\n\r\n    \r\n    .avc-calendar.avc-calendar-1>.avc-input {\r\n        background-color: rgba(255,255,255,1);\r\n        border-width: 0px;\r\n        border-color: rgba(0,0,0,1);\r\n        border-radius: 4px;\r\n        color: rgba(0, 0, 0, 1);\r\n        font-size: 14px;\r\n        padding-top: 8px;\r\n        padding-bottom: 8px;\r\n    }\r\n    \r\n    .avc-calendar.avc-calendar-1>.avc-input>i {\r\n        color: rgba(0, 0, 0, 1);\r\n    }\r\n\r\n    .avc-calendar.avc-calendar-1>.avc-input>input {\r\n        font-size: 14px;\r\n    }\r\n\r\n    \/* Separated because of this: https:\/\/stackoverflow.com\/a\/39155868 *\/\r\n    .avc-calendar.avc-calendar-1input::placeholder {\r\n        color: inherit;\r\n        font-size: inherit;\r\n    }\r\n\r\n    .avc-calendar.avc-calendar-1input::-moz-placeholder {\r\n        color: inherit;\r\n        font-size: inherit;\r\n    }\r\n\r\n    .avc-calendar.avc-calendar-1input::-webkit-input-placeholder {\r\n        color: inherit;\r\n        font-size: inherit;\r\n    }\r\n\r\n    .avc-calendar.avc-calendar-1input:-ms-input-placeholder {\r\n        color: inherit;\r\n        font-size: inherit;\r\n    }\r\n\r\n    .avc-calendar.avc-calendar-1input::-ms-input-placeholder {\r\n        color: inherit;\r\n        font-size: inherit;\r\n    }\r\n\r\n    .avc-calendar.avc-calendar-1>.avc-button {\r\n        background-color: rgba(217, 199, 171, 1);\r\n        border-width: 0px;\r\n        border-color: rgba(217, 199, 171, 1);\r\n        border-radius: 4px;\r\n        color: rgba(255,255,255,1);\r\n        font-size: 14px;\r\n        padding-top: 8px;\r\n        padding-bottom: 8px;\r\n    }\r\n\r\n    .avc-calendar.avc-calendar-1:not(.avc-calendar-v)>.avc-button {\r\n        width: 15%;\r\n    }\r\n\r\n    .avc-calendar.avc-calendar-1>.avc-button:hover {\r\n        background-color: rgba(219,202,175,1);\r\n    }\r\n\r\n    .avc-datepicker.avc-datepicker-1.ui-state-highlight {\r\n        border: 1px solid rgba(217, 199, 171, 1);\r\n        color: rgba(217, 199, 171, 1);\r\n    }\r\n\r\n    .avc-datepicker.avc-datepicker-1.ui-state-highlight:not(.ui-state-active):hover {\r\n        background-color: rgba(249,247,242,1);\r\n    }\r\n\r\n    .avc-datepicker.avc-datepicker-1.ui-datepicker table>tbody>tr>td>a.ui-state-active.ui-state-default {\r\n        border: 1px solid rgba(217, 199, 171, 1) !important;\r\n        background-color: rgba(217, 199, 171, 1) !important;\r\n        color: rgba(255,255,255,1) !important;\r\n    }\r\n<\/style>        \r\n<div class=\"avc-calendar avc-calendar-1  avc-calendar-spacing \" data-id=\"1\" id=\"avc-1\" data-categories=\"[]\" data-lang=\"es\" data-globalredirect=\"false\" data-globalredirectId=\"0\" >\r\n    <select\r\n        class=\"avc-input avc-establishment avc-establishment-1  avc-calendar-spacing \" style=\"display: none;\"\r\n        data-single=\"1\"\r\n        data-default-webcode=\"32007457\"\r\n    >\r\n        <option value=\"\">Establecimientos<\/option>\r\n                <option value=\"32007457\" data-id=\"1\">\r\n            esteba        <\/option>\r\n            <\/select>\r\n        <label class=\"avc-input\">\r\n                    <i class=\"material-icons\">calendar_today<\/i>\r\n                <input type=\"text\" class=\"avc-arrival\" placeholder=\"Llegada\" readonly data-id=\"1\">\r\n    <\/label>\r\n    <label class=\"avc-input\">\r\n                    <i class=\"material-icons\">calendar_today<\/i>\r\n                <input type=\"text\" class=\"avc-departure\" placeholder=\"Salida\" readonly data-id=\"1\">\r\n    <\/label>\r\n    <label class=\"avc-input\" style=\"display: block;\">\r\n        <input type=\"text\" class=\"avc-promotion\" placeholder=\"C\u00f3digo promocional\" value=\"\">\r\n    <\/label>\r\n    <button class=\"avc-button\" onclick=\"go_to_bengine(1)\" >Reservar<\/button>\r\n    <input type=\"hidden\" id=\"avinput_redirect\" value=\"false\" data-pageRedirURL=\"https:\/\/hostalesteba.com\/en\/contact-hostal-esteba\/\">\r\n    <input type=\"hidden\" id=\"avinput_san\" value=\"false\">\r\n    <input type=\"hidden\" id=\"avinput_zones\" value=\"false\">\r\n<\/div><\/div>\n\t\t\t\t\t\t<\/div>\n\t\t\t\t\t<\/div>\n\t\t<\/div>\n\t\t\t\t\t<\/div>\n\t\t<\/section>\n\t\t\t\t<section class=\"elementor-section elementor-top-section elementor-element elementor-element-3d052274 elementor-section-boxed elementor-section-height-default elementor-section-height-default\" data-id=\"3d052274\" data-element_type=\"section\" data-e-type=\"section\">\n\t\t\t\t\t\t<div class=\"elementor-container elementor-column-gap-default\">\n\t\t\t\t\t<div class=\"elementor-column elementor-col-50 elementor-top-column elementor-element elementor-element-4a811e92\" data-id=\"4a811e92\" data-element_type=\"column\" data-e-type=\"column\">\n\t\t\t<div class=\"elementor-widget-wrap elementor-element-populated\">\n\t\t\t\t\t\t<div class=\"elementor-element elementor-element-74867d08 elementor-widget elementor-widget-heading\" data-id=\"74867d08\" data-element_type=\"widget\" data-e-type=\"widget\" data-widget_type=\"heading.default\">\n\t\t\t\t\t<h2 class=\"elementor-heading-title elementor-size-default\">Location and<\/h2>\t\t\t\t<\/div>\n\t\t\t\t<div class=\"elementor-element elementor-element-684abe0d elementor-widget elementor-widget-heading\" data-id=\"684abe0d\" data-element_type=\"widget\" data-e-type=\"widget\" data-widget_type=\"heading.default\">\n\t\t\t\t\t<h1 class=\"elementor-heading-title elementor-size-default\">contact HOSTAL ESTEBA<\/h1>\t\t\t\t<\/div>\n\t\t\t\t<div class=\"elementor-element elementor-element-5339592 elementor-widget elementor-widget-text-editor\" data-id=\"5339592\" data-element_type=\"widget\" data-e-type=\"widget\" data-widget_type=\"text-editor.default\">\n\t\t\t\t\t\t\t\t\t<p><strong>Hostal Esteba<\/strong> is located 20 minutes by car from the center of Girona, 1 hour from Barcelona and approximately 20 km from the Costa Brava. The hostel is located 300 meters from the center of the town of Caldes de Malavella, a picturesque Catalan town that is halfway between the Costa Brava and the Sierra de las Guillar\u00edas.<\/p>\t\t\t\t\t\t\t\t<\/div>\n\t\t\t\t<div class=\"elementor-element elementor-element-52d96773 elementor-widget elementor-widget-text-editor\" data-id=\"52d96773\" data-element_type=\"widget\" data-e-type=\"widget\" data-widget_type=\"text-editor.default\">\n\t\t\t\t\t\t\t\t\t<p><a id=\"hotel_address\" class=\"jq_tooltip loc_block_link_underline_fix bui-link show_on_map_hp_link \" role=\"button\" href=\"https:\/\/www.booking.com\/hotel\/es\/hostal-esteba.es.html#map_opened-hotel_address\" data-atlas-latlng=\"41.83803287,2.80108452\" data-atlas-bbox=\"41.8200674516727,2.77692646013951,41.8559982848189,2.82524257672572\" data-source=\"top_link\" data-width=\"300\" data-title=\"Hotel Esteba, Caldes de Malavella - Comprobar la ubicaci\u00f3n\" aria-describedby=\"materialized_tooltip_pk2o8\"> <\/a> <strong><span class=\" hp_address_subtitle js-hp_address_subtitle jq_tooltip \" tabindex=\"0\" title=\"\" data-source=\"top_link\" data-coords=\",\" data-component=\"tooltip\" data-tooltip-text=\" Despu\u00e9s de reservar, encontrar\u00e1s todos los datos del alojamiento con el n\u00famero de tel\u00e9fono y la direcci\u00f3n en tu confirmaci\u00f3n de la reserva y en tu cuenta. \" data-tooltip-animation=\"false\" data-bbox=\"2.77692646013951,41.8200674516727,2.82524257672572,41.8559982848189\" data-node_tt_id=\"location_score_tooltip\" data-width=\"350\" aria-describedby=\"tooltip-1\"> Francesc Maci\u00e0, 2, 17455 Caldes de Malavella, Espa\u00f1a<\/span><\/strong><\/p><p><strong>+34 972 470 055<br \/><\/strong><\/p><p><strong>info@hostalesteba.com<\/strong><\/p>\t\t\t\t\t\t\t\t<\/div>\n\t\t\t\t<div class=\"elementor-element elementor-element-68016c20 elementor-icon-list--layout-inline elementor-align-start elementor-list-item-link-full_width elementor-widget elementor-widget-icon-list\" data-id=\"68016c20\" data-element_type=\"widget\" data-e-type=\"widget\" data-widget_type=\"icon-list.default\">\n\t\t\t\t\t\t\t<ul class=\"elementor-icon-list-items elementor-inline-items\">\n\t\t\t\t\t\t\t<li class=\"elementor-icon-list-item elementor-inline-item\">\n\t\t\t\t\t\t\t\t\t\t\t<a href=\"https:\/\/es-es.facebook.com\/hostalesteba\/\" target=\"_blank\">\n\n\t\t\t\t\t\t\t\t\t\t\t\t<span class=\"elementor-icon-list-icon\">\n\t\t\t\t\t\t\t<svg aria-hidden=\"true\" class=\"e-font-icon-svg e-fab-facebook-f\" viewBox=\"0 0 320 512\" xmlns=\"http:\/\/www.w3.org\/2000\/svg\"><path d=\"M279.14 288l14.22-92.66h-88.91v-60.13c0-25.35 12.42-50.06 52.24-50.06h40.42V6.26S260.43 0 225.36 0c-73.22 0-121.08 44.38-121.08 124.72v70.62H22.89V288h81.39v224h100.17V288z\"><\/path><\/svg>\t\t\t\t\t\t<\/span>\n\t\t\t\t\t\t\t\t\t\t<span class=\"elementor-icon-list-text\"><\/span>\n\t\t\t\t\t\t\t\t\t\t\t<\/a>\n\t\t\t\t\t\t\t\t\t<\/li>\n\t\t\t\t\t\t\t\t<li class=\"elementor-icon-list-item elementor-inline-item\">\n\t\t\t\t\t\t\t\t\t\t\t<a href=\"https:\/\/www.instagram.com\/hostalesteba\/?hl=es\" target=\"_blank\">\n\n\t\t\t\t\t\t\t\t\t\t\t\t<span class=\"elementor-icon-list-icon\">\n\t\t\t\t\t\t\t<svg aria-hidden=\"true\" class=\"e-font-icon-svg e-fab-instagram\" viewBox=\"0 0 448 512\" xmlns=\"http:\/\/www.w3.org\/2000\/svg\"><path d=\"M224.1 141c-63.6 0-114.9 51.3-114.9 114.9s51.3 114.9 114.9 114.9S339 319.5 339 255.9 287.7 141 224.1 141zm0 189.6c-41.1 0-74.7-33.5-74.7-74.7s33.5-74.7 74.7-74.7 74.7 33.5 74.7 74.7-33.6 74.7-74.7 74.7zm146.4-194.3c0 14.9-12 26.8-26.8 26.8-14.9 0-26.8-12-26.8-26.8s12-26.8 26.8-26.8 26.8 12 26.8 26.8zm76.1 27.2c-1.7-35.9-9.9-67.7-36.2-93.9-26.2-26.2-58-34.4-93.9-36.2-37-2.1-147.9-2.1-184.9 0-35.8 1.7-67.6 9.9-93.9 36.1s-34.4 58-36.2 93.9c-2.1 37-2.1 147.9 0 184.9 1.7 35.9 9.9 67.7 36.2 93.9s58 34.4 93.9 36.2c37 2.1 147.9 2.1 184.9 0 35.9-1.7 67.7-9.9 93.9-36.2 26.2-26.2 34.4-58 36.2-93.9 2.1-37 2.1-147.8 0-184.8zM398.8 388c-7.8 19.6-22.9 34.7-42.6 42.6-29.5 11.7-99.5 9-132.1 9s-102.7 2.6-132.1-9c-19.6-7.8-34.7-22.9-42.6-42.6-11.7-29.5-9-99.5-9-132.1s-2.6-102.7 9-132.1c7.8-19.6 22.9-34.7 42.6-42.6 29.5-11.7 99.5-9 132.1-9s102.7-2.6 132.1 9c19.6 7.8 34.7 22.9 42.6 42.6 11.7 29.5 9 99.5 9 132.1s2.7 102.7-9 132.1z\"><\/path><\/svg>\t\t\t\t\t\t<\/span>\n\t\t\t\t\t\t\t\t\t\t<span class=\"elementor-icon-list-text\"><\/span>\n\t\t\t\t\t\t\t\t\t\t\t<\/a>\n\t\t\t\t\t\t\t\t\t<\/li>\n\t\t\t\t\t\t<\/ul>\n\t\t\t\t\t\t<\/div>\n\t\t\t\t\t<\/div>\n\t\t<\/div>\n\t\t\t\t<div class=\"elementor-column elementor-col-50 elementor-top-column elementor-element elementor-element-16a46cb8\" data-id=\"16a46cb8\" data-element_type=\"column\" data-e-type=\"column\">\n\t\t\t<div class=\"elementor-widget-wrap elementor-element-populated\">\n\t\t\t\t\t\t<div class=\"elementor-element elementor-element-61a1e50 elementor-widget elementor-widget-google_maps\" data-id=\"61a1e50\" data-element_type=\"widget\" data-e-type=\"widget\" data-widget_type=\"google_maps.default\">\n\t\t\t\t\t\t\t<div class=\"elementor-custom-embed\">\n\t\t\t<iframe loading=\"lazy\"\n\t\t\t\t\tsrc=\"https:\/\/maps.google.com\/maps?q=%20Francesc%20Maci%C3%A0%2C%202%2C%2017455%20Caldes%20de%20Malavella%2C%20Espa%C3%B1a&#038;t=m&#038;z=16&#038;output=embed&#038;iwloc=near\"\n\t\t\t\t\ttitle=\" Francesc Maci\u00e0, 2, 17455 Caldes de Malavella, Espa\u00f1a\"\n\t\t\t\t\taria-label=\" Francesc Maci\u00e0, 2, 17455 Caldes de Malavella, Espa\u00f1a\"\n\t\t\t><\/iframe>\n\t\t<\/div>\n\t\t\t\t\t\t<\/div>\n\t\t\t\t\t<\/div>\n\t\t<\/div>\n\t\t\t\t\t<\/div>\n\t\t<\/section>\n\t\t\t\t<\/div>\n\t\t","protected":false},"excerpt":{"rendered":"<p>CONTACT HOSTAL ESTEBA Book now your Hostel in Caldes de Malavella at the best price online Location and contact HOSTAL ESTEBA Hostal Esteba is located 20 minutes by car from the center of Girona, 1 hour from Barcelona and approximately 20 km from the Costa Brava. The hostel is located 300 meters from the center [&hellip;]<\/p>\n","protected":false},"author":1,"featured_media":805,"parent":0,"menu_order":0,"comment_status":"closed","ping_status":"closed","template":"elementor_header_footer","meta":{"_acf_changed":false,"footnotes":""},"class_list":["post-1306","page","type-page","status-publish","has-post-thumbnail","hentry"],"acf":[],"yoast_head":"<!-- This site is optimized with the Yoast SEO plugin v27.5 - https:\/\/yoast.com\/product\/yoast-seo-wordpress\/ -->\n<title>Contact Hostal Esteba - Hostal Esteba en Malavella EN<\/title>\n<meta name=\"description\" content=\"Hostal Esteba is located 20 minutes by car from the center of Girona, 1 hour from Barcelona and approximately 25 km from the Costa...\" \/>\n<meta name=\"robots\" content=\"index, follow, max-snippet:-1, max-image-preview:large, max-video-preview:-1\" \/>\n<link rel=\"canonical\" href=\"https:\/\/hostalesteba.com\/en\/contact-hostal-esteba\/\" \/>\n<meta property=\"og:locale\" content=\"es_ES\" \/>\n<meta property=\"og:type\" content=\"article\" \/>\n<meta property=\"og:title\" content=\"Contact Hostal Esteba - Hostal Esteba en Malavella EN\" \/>\n<meta property=\"og:description\" content=\"Hostal Esteba is located 20 minutes by car from the center of Girona, 1 hour from Barcelona and approximately 25 km from the Costa...\" \/>\n<meta property=\"og:url\" content=\"https:\/\/hostalesteba.com\/en\/contact-hostal-esteba\/\" \/>\n<meta property=\"og:site_name\" content=\"Hostal Esteba en Malavella EN\" \/>\n<meta property=\"article:modified_time\" content=\"2022-04-06T09:53:32+00:00\" \/>\n<meta property=\"og:image\" content=\"https:\/\/hostalesteba.com\/en\/wp-content\/uploads\/sites\/7\/detalles-okako-hotels-en-san-sebastian-bizkaia-35.jpg\" \/>\n\t<meta property=\"og:image:width\" content=\"1919\" \/>\n\t<meta property=\"og:image:height\" content=\"1280\" \/>\n\t<meta property=\"og:image:type\" content=\"image\/jpeg\" \/>\n<meta name=\"twitter:card\" content=\"summary_large_image\" \/>\n<meta name=\"twitter:label1\" content=\"Tiempo de lectura\" \/>\n\t<meta name=\"twitter:data1\" content=\"1 minuto\" \/>\n<script type=\"application\/ld+json\" class=\"yoast-schema-graph\">{\"@context\":\"https:\\\/\\\/schema.org\",\"@graph\":[{\"@type\":\"WebPage\",\"@id\":\"https:\\\/\\\/hostalesteba.com\\\/en\\\/contact-hostal-esteba\\\/\",\"url\":\"https:\\\/\\\/hostalesteba.com\\\/en\\\/contact-hostal-esteba\\\/\",\"name\":\"Contact Hostal Esteba - Hostal Esteba en Malavella EN\",\"isPartOf\":{\"@id\":\"https:\\\/\\\/hostalesteba.com\\\/en\\\/#website\"},\"primaryImageOfPage\":{\"@id\":\"https:\\\/\\\/hostalesteba.com\\\/en\\\/contact-hostal-esteba\\\/#primaryimage\"},\"image\":{\"@id\":\"https:\\\/\\\/hostalesteba.com\\\/en\\\/contact-hostal-esteba\\\/#primaryimage\"},\"thumbnailUrl\":\"https:\\\/\\\/hostalesteba.com\\\/en\\\/wp-content\\\/uploads\\\/sites\\\/7\\\/detalles-okako-hotels-en-san-sebastian-bizkaia-35.jpg\",\"datePublished\":\"2021-09-15T08:28:16+00:00\",\"dateModified\":\"2022-04-06T09:53:32+00:00\",\"description\":\"Hostal Esteba is located 20 minutes by car from the center of Girona, 1 hour from Barcelona and approximately 25 km from the Costa...\",\"breadcrumb\":{\"@id\":\"https:\\\/\\\/hostalesteba.com\\\/en\\\/contact-hostal-esteba\\\/#breadcrumb\"},\"inLanguage\":\"es\",\"potentialAction\":[{\"@type\":\"ReadAction\",\"target\":[\"https:\\\/\\\/hostalesteba.com\\\/en\\\/contact-hostal-esteba\\\/\"]}]},{\"@type\":\"ImageObject\",\"inLanguage\":\"es\",\"@id\":\"https:\\\/\\\/hostalesteba.com\\\/en\\\/contact-hostal-esteba\\\/#primaryimage\",\"url\":\"https:\\\/\\\/hostalesteba.com\\\/en\\\/wp-content\\\/uploads\\\/sites\\\/7\\\/detalles-okako-hotels-en-san-sebastian-bizkaia-35.jpg\",\"contentUrl\":\"https:\\\/\\\/hostalesteba.com\\\/en\\\/wp-content\\\/uploads\\\/sites\\\/7\\\/detalles-okako-hotels-en-san-sebastian-bizkaia-35.jpg\",\"width\":1919,\"height\":1280,\"caption\":\"detalles okako hotels en san sebastian bizkaia\"},{\"@type\":\"BreadcrumbList\",\"@id\":\"https:\\\/\\\/hostalesteba.com\\\/en\\\/contact-hostal-esteba\\\/#breadcrumb\",\"itemListElement\":[{\"@type\":\"ListItem\",\"position\":1,\"name\":\"Portada\",\"item\":\"https:\\\/\\\/hostalesteba.com\\\/en\\\/\"},{\"@type\":\"ListItem\",\"position\":2,\"name\":\"Contact Hostal Esteba\"}]},{\"@type\":\"WebSite\",\"@id\":\"https:\\\/\\\/hostalesteba.com\\\/en\\\/#website\",\"url\":\"https:\\\/\\\/hostalesteba.com\\\/en\\\/\",\"name\":\"Hostal Esteba en Malavella EN\",\"description\":\"Hostal en Caldes de Malavella - Girona\",\"publisher\":{\"@id\":\"https:\\\/\\\/hostalesteba.com\\\/en\\\/#organization\"},\"potentialAction\":[{\"@type\":\"SearchAction\",\"target\":{\"@type\":\"EntryPoint\",\"urlTemplate\":\"https:\\\/\\\/hostalesteba.com\\\/en\\\/?s={search_term_string}\"},\"query-input\":{\"@type\":\"PropertyValueSpecification\",\"valueRequired\":true,\"valueName\":\"search_term_string\"}}],\"inLanguage\":\"es\"},{\"@type\":\"Organization\",\"@id\":\"https:\\\/\\\/hostalesteba.com\\\/en\\\/#organization\",\"name\":\"Hostal Esteba\",\"url\":\"https:\\\/\\\/hostalesteba.com\\\/en\\\/\",\"logo\":{\"@type\":\"ImageObject\",\"inLanguage\":\"es\",\"@id\":\"https:\\\/\\\/hostalesteba.com\\\/en\\\/#\\\/schema\\\/logo\\\/image\\\/\",\"url\":\"https:\\\/\\\/hostalesteba.com\\\/wp-content\\\/uploads\\\/logo.png\",\"contentUrl\":\"https:\\\/\\\/hostalesteba.com\\\/wp-content\\\/uploads\\\/logo.png\",\"width\":201,\"height\":143,\"caption\":\"Hostal Esteba\"},\"image\":{\"@id\":\"https:\\\/\\\/hostalesteba.com\\\/en\\\/#\\\/schema\\\/logo\\\/image\\\/\"}}]}<\/script>\n<!-- \/ Yoast SEO plugin. -->","yoast_head_json":{"title":"Contact Hostal Esteba - Hostal Esteba en Malavella EN","description":"Hostal Esteba is located 20 minutes by car from the center of Girona, 1 hour from Barcelona and approximately 25 km from the Costa...","robots":{"index":"index","follow":"follow","max-snippet":"max-snippet:-1","max-image-preview":"max-image-preview:large","max-video-preview":"max-video-preview:-1"},"canonical":"https:\/\/hostalesteba.com\/en\/contact-hostal-esteba\/","og_locale":"es_ES","og_type":"article","og_title":"Contact Hostal Esteba - Hostal Esteba en Malavella EN","og_description":"Hostal Esteba is located 20 minutes by car from the center of Girona, 1 hour from Barcelona and approximately 25 km from the Costa...","og_url":"https:\/\/hostalesteba.com\/en\/contact-hostal-esteba\/","og_site_name":"Hostal Esteba en Malavella EN","article_modified_time":"2022-04-06T09:53:32+00:00","og_image":[{"width":1919,"height":1280,"url":"https:\/\/hostalesteba.com\/en\/wp-content\/uploads\/sites\/7\/detalles-okako-hotels-en-san-sebastian-bizkaia-35.jpg","type":"image\/jpeg"}],"twitter_card":"summary_large_image","twitter_misc":{"Tiempo de lectura":"1 minuto"},"schema":{"@context":"https:\/\/schema.org","@graph":[{"@type":"WebPage","@id":"https:\/\/hostalesteba.com\/en\/contact-hostal-esteba\/","url":"https:\/\/hostalesteba.com\/en\/contact-hostal-esteba\/","name":"Contact Hostal Esteba - Hostal Esteba en Malavella EN","isPartOf":{"@id":"https:\/\/hostalesteba.com\/en\/#website"},"primaryImageOfPage":{"@id":"https:\/\/hostalesteba.com\/en\/contact-hostal-esteba\/#primaryimage"},"image":{"@id":"https:\/\/hostalesteba.com\/en\/contact-hostal-esteba\/#primaryimage"},"thumbnailUrl":"https:\/\/hostalesteba.com\/en\/wp-content\/uploads\/sites\/7\/detalles-okako-hotels-en-san-sebastian-bizkaia-35.jpg","datePublished":"2021-09-15T08:28:16+00:00","dateModified":"2022-04-06T09:53:32+00:00","description":"Hostal Esteba is located 20 minutes by car from the center of Girona, 1 hour from Barcelona and approximately 25 km from the Costa...","breadcrumb":{"@id":"https:\/\/hostalesteba.com\/en\/contact-hostal-esteba\/#breadcrumb"},"inLanguage":"es","potentialAction":[{"@type":"ReadAction","target":["https:\/\/hostalesteba.com\/en\/contact-hostal-esteba\/"]}]},{"@type":"ImageObject","inLanguage":"es","@id":"https:\/\/hostalesteba.com\/en\/contact-hostal-esteba\/#primaryimage","url":"https:\/\/hostalesteba.com\/en\/wp-content\/uploads\/sites\/7\/detalles-okako-hotels-en-san-sebastian-bizkaia-35.jpg","contentUrl":"https:\/\/hostalesteba.com\/en\/wp-content\/uploads\/sites\/7\/detalles-okako-hotels-en-san-sebastian-bizkaia-35.jpg","width":1919,"height":1280,"caption":"detalles okako hotels en san sebastian bizkaia"},{"@type":"BreadcrumbList","@id":"https:\/\/hostalesteba.com\/en\/contact-hostal-esteba\/#breadcrumb","itemListElement":[{"@type":"ListItem","position":1,"name":"Portada","item":"https:\/\/hostalesteba.com\/en\/"},{"@type":"ListItem","position":2,"name":"Contact Hostal Esteba"}]},{"@type":"WebSite","@id":"https:\/\/hostalesteba.com\/en\/#website","url":"https:\/\/hostalesteba.com\/en\/","name":"Hostal Esteba en Malavella EN","description":"Hostal en Caldes de Malavella - Girona","publisher":{"@id":"https:\/\/hostalesteba.com\/en\/#organization"},"potentialAction":[{"@type":"SearchAction","target":{"@type":"EntryPoint","urlTemplate":"https:\/\/hostalesteba.com\/en\/?s={search_term_string}"},"query-input":{"@type":"PropertyValueSpecification","valueRequired":true,"valueName":"search_term_string"}}],"inLanguage":"es"},{"@type":"Organization","@id":"https:\/\/hostalesteba.com\/en\/#organization","name":"Hostal Esteba","url":"https:\/\/hostalesteba.com\/en\/","logo":{"@type":"ImageObject","inLanguage":"es","@id":"https:\/\/hostalesteba.com\/en\/#\/schema\/logo\/image\/","url":"https:\/\/hostalesteba.com\/wp-content\/uploads\/logo.png","contentUrl":"https:\/\/hostalesteba.com\/wp-content\/uploads\/logo.png","width":201,"height":143,"caption":"Hostal Esteba"},"image":{"@id":"https:\/\/hostalesteba.com\/en\/#\/schema\/logo\/image\/"}}]}},"_links":{"self":[{"href":"https:\/\/hostalesteba.com\/en\/wp-json\/wp\/v2\/pages\/1306","targetHints":{"allow":["GET"]}}],"collection":[{"href":"https:\/\/hostalesteba.com\/en\/wp-json\/wp\/v2\/pages"}],"about":[{"href":"https:\/\/hostalesteba.com\/en\/wp-json\/wp\/v2\/types\/page"}],"author":[{"embeddable":true,"href":"https:\/\/hostalesteba.com\/en\/wp-json\/wp\/v2\/users\/1"}],"replies":[{"embeddable":true,"href":"https:\/\/hostalesteba.com\/en\/wp-json\/wp\/v2\/comments?post=1306"}],"version-history":[{"count":95,"href":"https:\/\/hostalesteba.com\/en\/wp-json\/wp\/v2\/pages\/1306\/revisions"}],"predecessor-version":[{"id":3466,"href":"https:\/\/hostalesteba.com\/en\/wp-json\/wp\/v2\/pages\/1306\/revisions\/3466"}],"wp:featuredmedia":[{"embeddable":true,"href":"https:\/\/hostalesteba.com\/en\/wp-json\/wp\/v2\/media\/805"}],"wp:attachment":[{"href":"https:\/\/hostalesteba.com\/en\/wp-json\/wp\/v2\/media?parent=1306"}],"curies":[{"name":"wp","href":"https:\/\/api.w.org\/{rel}","templated":true}]}}