{"id":3266,"date":"2022-01-31T10:36:46","date_gmt":"2022-01-31T09:36:46","guid":{"rendered":"https:\/\/hostalesteba.com\/?page_id=3266"},"modified":"2022-02-08T11:49:23","modified_gmt":"2022-02-08T10:49:23","slug":"garantia-sanitaria-en-el-hostal-esteba","status":"publish","type":"page","link":"https:\/\/hostalesteba.com\/es\/garantia-sanitaria-en-el-hostal-esteba\/","title":{"rendered":"Garant\u00eda Sanitaria en el Hostal Esteba"},"content":{"rendered":"\t\t<div data-elementor-type=\"wp-page\" data-elementor-id=\"3266\" class=\"elementor elementor-3266\" data-elementor-post-type=\"page\">\n\t\t\t\t\t\t<section class=\"elementor-section elementor-top-section elementor-element elementor-element-54424dd3 elementor-section-height-min-height elementor-section-boxed elementor-section-height-default elementor-section-items-middle\" data-id=\"54424dd3\" data-element_type=\"section\" data-e-type=\"section\" data-settings=\"{&quot;background_background&quot;:&quot;classic&quot;}\">\n\t\t\t\t\t\t\t<div class=\"elementor-background-overlay\"><\/div>\n\t\t\t\t\t\t\t<div class=\"elementor-container elementor-column-gap-default\">\n\t\t\t\t\t<div class=\"elementor-column elementor-col-100 elementor-top-column elementor-element elementor-element-5aacdd57\" data-id=\"5aacdd57\" data-element_type=\"column\" data-e-type=\"column\">\n\t\t\t<div class=\"elementor-widget-wrap elementor-element-populated\">\n\t\t\t\t\t\t<div class=\"elementor-element elementor-element-3e1f4c5d elementor-widget elementor-widget-heading\" data-id=\"3e1f4c5d\" data-element_type=\"widget\" data-e-type=\"widget\" data-widget_type=\"heading.default\">\n\t\t\t\t\t<h1 class=\"elementor-heading-title elementor-size-default\">Garant\u00eda Sanitaria Hostal Esteba<\/h1>\t\t\t\t<\/div>\n\t\t\t\t\t<\/div>\n\t\t<\/div>\n\t\t\t\t\t<\/div>\n\t\t<\/section>\n\t\t\t\t<section class=\"elementor-section elementor-top-section elementor-element elementor-element-1d04c967 elementor-section-boxed elementor-section-height-default elementor-section-height-default\" data-id=\"1d04c967\" data-element_type=\"section\" data-e-type=\"section\">\n\t\t\t\t\t\t<div class=\"elementor-container elementor-column-gap-default\">\n\t\t\t\t\t<div class=\"elementor-column elementor-col-100 elementor-top-column elementor-element elementor-element-46b69de8\" data-id=\"46b69de8\" data-element_type=\"column\" data-e-type=\"column\">\n\t\t\t<div class=\"elementor-widget-wrap elementor-element-populated\">\n\t\t\t\t\t\t<div class=\"elementor-element elementor-element-7940c312 elementor-widget elementor-widget-text-editor\" data-id=\"7940c312\" data-element_type=\"widget\" data-e-type=\"widget\" data-widget_type=\"text-editor.default\">\n\t\t\t\t\t\t\t\t\t<p>Todo el equipo est\u00e1 formado y comprometido para garantizar su seguridad. Para ello seguimos nuevos protocolos y formas de trabajar.<\/p>\n<p><strong>MEDIDAS IMPLANTADAS CON MOTIVO DE LA COVID19<\/strong><\/p>\n<p><strong><u>CHECK IN<\/u><\/strong><\/p>\n<p><strong>Digitalizaci\u00f3n del check in<\/strong>\u00a0<\/p>\n<p>1.- A trav\u00e9s de firmar la documentaci\u00f3n en un dispositivo electr\u00f3nico previamente higienizado a su entrada a recepci\u00f3n, evitando el uso de papeler\u00eda<\/p>\n<p>2.- O bien procediendo al check in con anterioridad a su llegada (desde su dispositivo).<\/p>\n<p><strong><u>INFORMACI\u00d3N EN RECEPCI\u00d3N Y HABITACIONES<\/u><\/strong><\/p>\n<p><strong>La informaci\u00f3n de toda la oferta hotelera de bienvenida se presentar\u00e1 a partir de c\u00f3digos QR<\/strong> dispuestos en la recepci\u00f3n y en cada una de las habitaciones evitando de esta manera los soportes f\u00edsicos.<\/p>\n<p><strong><u>DESINFECCI\u00d3N<\/u><\/strong><\/p>\n<p><strong>PERSONAL: <\/strong>Gel Hidroalcoh\u00f3lico\u00a0en todas las zonas comunes del Hostal y en el Restaurante.<\/p>\n<p><strong>ZONAS COMUNES: <\/strong>Se ampl\u00eda la frecuencia de limpieza de las zonas comunes. Se realiza atendiendo a un protocolo estricto y registrable. El detergente desinfectante bactericida SUMA PLUS D10, homologado por sanidad, es el producto de finalizaci\u00f3n en todas las superficies.<\/p>\n<p><strong>ROPA: <\/strong>La limpieza de la ropa de cama y ba\u00f1o se realiza lavando a 70\u00baC y se garantiza la barrera sanitaria entre la ropa limpia y la sucia.<\/p>\n<p><strong><u>MOBILIARIO Y COMPLEMENTOS: <\/u><\/strong><\/p>\n<p>Se retiran las alfombras de las habitaciones.<\/p>\n<p>Las cortinas de las habitaciones y de zonas comunes se pulverizar\u00e1n diariamente con producto desinfectante.<\/p>\n<p>Las tarjetas de las habitaciones se desinfectan con l\u00e1mparas ultravioletas.<\/p>\n<p><strong><u>VENTILACI\u00d3N NATURAL<\/u><\/strong><\/p>\n<p><strong>ZONAS COMUNES: <\/strong>Se realiza con m\u00e1s frecuencia (m\u00ednimo 4 veces al dia)<\/p>\n<p><strong>CAFETERIA \/ BISTROT:<\/strong> Se realiza antes y despu\u00e9s de cada servicio.<\/p>\n<p><strong>RESTAURANTE:<\/strong> Se realiza antes y despu\u00e9s de cada servicio<\/p>\n<p><strong>HALL: <\/strong>Se realiza con m\u00e1s frecuencia (m\u00ednimo 4 veces al dia)<\/p>\n<p><strong>HABITACIONES:<\/strong> Se realiza durante el periodo de limpieza matinal.<\/p>\n<p><strong><u>OFERTA DE COMIDAS Y BEBIDAS<\/u><\/strong><\/p>\n<p><strong><u>DESAYUNO<\/u><\/strong><\/p>\n<p>Adaptamos el desayuno que se realizara en formato a la carta con ofertas de diferentes packs para llegar a todos los gustos y preferencias de nuestros clientes.<\/p>\n<p><strong><u>RESTAURANTE, CAFETERIA, BISTROT Y TERRAZA<\/u><\/strong><\/p>\n<p>Todas las cartas estar\u00e1n en soporte digital o de un solo uso\u00a0para evitar soportes f\u00edsicos no higienizadles.<\/p>\n<p><strong><u>ACTIVIDADES<\/u><\/strong><\/p>\n<p>Todas las actividades que se organicen se programaran necesariamente con cita previa atendiendo al aforo del espacio y al distanciamiento necesario para garantizar su seguridad.<\/p>\t\t\t\t\t\t\t\t<\/div>\n\t\t\t\t\t<\/div>\n\t\t<\/div>\n\t\t\t\t\t<\/div>\n\t\t<\/section>\n\t\t\t\t<\/div>\n\t\t","protected":false},"excerpt":{"rendered":"<p>Garant\u00eda Sanitaria Hostal Esteba Todo el equipo est\u00e1 formado y comprometido para garantizar su seguridad. Para ello seguimos nuevos protocolos y formas de trabajar. MEDIDAS IMPLANTADAS CON MOTIVO DE LA COVID19 CHECK IN Digitalizaci\u00f3n del check in&nbsp; 1.- A trav\u00e9s de firmar la documentaci\u00f3n en un dispositivo electr\u00f3nico previamente higienizado a su entrada a recepci\u00f3n, [&hellip;]<\/p>\n","protected":false},"author":1,"featured_media":0,"parent":0,"menu_order":0,"comment_status":"closed","ping_status":"closed","template":"elementor_header_footer","meta":{"_acf_changed":false,"footnotes":""},"class_list":["post-3266","page","type-page","status-publish","hentry"],"acf":[],"yoast_head":"<!-- This site is optimized with the Yoast SEO plugin v27.5 - https:\/\/yoast.com\/product\/yoast-seo-wordpress\/ -->\n<title>Garant\u00eda Sanitaria en el Hostal Esteba - Hostal Esteba ES<\/title>\n<meta name=\"description\" content=\"Todo el equipo est\u00e1 formado y comprometido para garantizar su seguridad. Para ello seguimos nuevos protocolos y formas de trabajar.\" \/>\n<meta name=\"robots\" content=\"index, follow, max-snippet:-1, max-image-preview:large, max-video-preview:-1\" \/>\n<link rel=\"canonical\" href=\"https:\/\/hostalesteba.com\/es\/garantia-sanitaria-en-el-hostal-esteba\/\" \/>\n<meta property=\"og:locale\" content=\"es_ES\" \/>\n<meta property=\"og:type\" content=\"article\" \/>\n<meta property=\"og:title\" content=\"Garant\u00eda Sanitaria en el Hostal Esteba - Hostal Esteba ES\" \/>\n<meta property=\"og:description\" content=\"Todo el equipo est\u00e1 formado y comprometido para garantizar su seguridad. Para ello seguimos nuevos protocolos y formas de trabajar.\" \/>\n<meta property=\"og:url\" content=\"https:\/\/hostalesteba.com\/es\/garantia-sanitaria-en-el-hostal-esteba\/\" \/>\n<meta property=\"og:site_name\" content=\"Hostal Esteba ES\" \/>\n<meta property=\"article:modified_time\" content=\"2022-02-08T10:49:23+00:00\" \/>\n<meta name=\"twitter:card\" content=\"summary_large_image\" \/>\n<meta name=\"twitter:label1\" content=\"Tiempo de lectura\" \/>\n\t<meta name=\"twitter:data1\" content=\"2 minutos\" \/>\n<script type=\"application\/ld+json\" class=\"yoast-schema-graph\">{\"@context\":\"https:\\\/\\\/schema.org\",\"@graph\":[{\"@type\":\"WebPage\",\"@id\":\"https:\\\/\\\/hostalesteba.com\\\/es\\\/garantia-sanitaria-en-el-hostal-esteba\\\/\",\"url\":\"https:\\\/\\\/hostalesteba.com\\\/es\\\/garantia-sanitaria-en-el-hostal-esteba\\\/\",\"name\":\"Garant\u00eda Sanitaria en el Hostal Esteba - Hostal Esteba ES\",\"isPartOf\":{\"@id\":\"https:\\\/\\\/hostalesteba.com\\\/es\\\/#website\"},\"datePublished\":\"2022-01-31T09:36:46+00:00\",\"dateModified\":\"2022-02-08T10:49:23+00:00\",\"description\":\"Todo el equipo est\u00e1 formado y comprometido para garantizar su seguridad. Para ello seguimos nuevos protocolos y formas de trabajar.\",\"breadcrumb\":{\"@id\":\"https:\\\/\\\/hostalesteba.com\\\/es\\\/garantia-sanitaria-en-el-hostal-esteba\\\/#breadcrumb\"},\"inLanguage\":\"es\",\"potentialAction\":[{\"@type\":\"ReadAction\",\"target\":[\"https:\\\/\\\/hostalesteba.com\\\/es\\\/garantia-sanitaria-en-el-hostal-esteba\\\/\"]}]},{\"@type\":\"BreadcrumbList\",\"@id\":\"https:\\\/\\\/hostalesteba.com\\\/es\\\/garantia-sanitaria-en-el-hostal-esteba\\\/#breadcrumb\",\"itemListElement\":[{\"@type\":\"ListItem\",\"position\":1,\"name\":\"Portada\",\"item\":\"https:\\\/\\\/hostalesteba.com\\\/es\\\/\"},{\"@type\":\"ListItem\",\"position\":2,\"name\":\"Garant\u00eda Sanitaria en el Hostal Esteba\"}]},{\"@type\":\"WebSite\",\"@id\":\"https:\\\/\\\/hostalesteba.com\\\/es\\\/#website\",\"url\":\"https:\\\/\\\/hostalesteba.com\\\/es\\\/\",\"name\":\"Hostal Esteba ES\",\"description\":\"Hostal en Caldes de Malavella - Girona\",\"publisher\":{\"@id\":\"https:\\\/\\\/hostalesteba.com\\\/es\\\/#organization\"},\"potentialAction\":[{\"@type\":\"SearchAction\",\"target\":{\"@type\":\"EntryPoint\",\"urlTemplate\":\"https:\\\/\\\/hostalesteba.com\\\/es\\\/?s={search_term_string}\"},\"query-input\":{\"@type\":\"PropertyValueSpecification\",\"valueRequired\":true,\"valueName\":\"search_term_string\"}}],\"inLanguage\":\"es\"},{\"@type\":\"Organization\",\"@id\":\"https:\\\/\\\/hostalesteba.com\\\/es\\\/#organization\",\"name\":\"Hostal Esteba\",\"url\":\"https:\\\/\\\/hostalesteba.com\\\/es\\\/\",\"logo\":{\"@type\":\"ImageObject\",\"inLanguage\":\"es\",\"@id\":\"https:\\\/\\\/hostalesteba.com\\\/es\\\/#\\\/schema\\\/logo\\\/image\\\/\",\"url\":\"https:\\\/\\\/hostalesteba.com\\\/wp-content\\\/uploads\\\/logo.png\",\"contentUrl\":\"https:\\\/\\\/hostalesteba.com\\\/wp-content\\\/uploads\\\/logo.png\",\"width\":201,\"height\":143,\"caption\":\"Hostal Esteba\"},\"image\":{\"@id\":\"https:\\\/\\\/hostalesteba.com\\\/es\\\/#\\\/schema\\\/logo\\\/image\\\/\"}}]}<\/script>\n<!-- \/ Yoast SEO plugin. -->","yoast_head_json":{"title":"Garant\u00eda Sanitaria en el Hostal Esteba - Hostal Esteba ES","description":"Todo el equipo est\u00e1 formado y comprometido para garantizar su seguridad. Para ello seguimos nuevos protocolos y formas de trabajar.","robots":{"index":"index","follow":"follow","max-snippet":"max-snippet:-1","max-image-preview":"max-image-preview:large","max-video-preview":"max-video-preview:-1"},"canonical":"https:\/\/hostalesteba.com\/es\/garantia-sanitaria-en-el-hostal-esteba\/","og_locale":"es_ES","og_type":"article","og_title":"Garant\u00eda Sanitaria en el Hostal Esteba - Hostal Esteba ES","og_description":"Todo el equipo est\u00e1 formado y comprometido para garantizar su seguridad. Para ello seguimos nuevos protocolos y formas de trabajar.","og_url":"https:\/\/hostalesteba.com\/es\/garantia-sanitaria-en-el-hostal-esteba\/","og_site_name":"Hostal Esteba ES","article_modified_time":"2022-02-08T10:49:23+00:00","twitter_card":"summary_large_image","twitter_misc":{"Tiempo de lectura":"2 minutos"},"schema":{"@context":"https:\/\/schema.org","@graph":[{"@type":"WebPage","@id":"https:\/\/hostalesteba.com\/es\/garantia-sanitaria-en-el-hostal-esteba\/","url":"https:\/\/hostalesteba.com\/es\/garantia-sanitaria-en-el-hostal-esteba\/","name":"Garant\u00eda Sanitaria en el Hostal Esteba - Hostal Esteba ES","isPartOf":{"@id":"https:\/\/hostalesteba.com\/es\/#website"},"datePublished":"2022-01-31T09:36:46+00:00","dateModified":"2022-02-08T10:49:23+00:00","description":"Todo el equipo est\u00e1 formado y comprometido para garantizar su seguridad. Para ello seguimos nuevos protocolos y formas de trabajar.","breadcrumb":{"@id":"https:\/\/hostalesteba.com\/es\/garantia-sanitaria-en-el-hostal-esteba\/#breadcrumb"},"inLanguage":"es","potentialAction":[{"@type":"ReadAction","target":["https:\/\/hostalesteba.com\/es\/garantia-sanitaria-en-el-hostal-esteba\/"]}]},{"@type":"BreadcrumbList","@id":"https:\/\/hostalesteba.com\/es\/garantia-sanitaria-en-el-hostal-esteba\/#breadcrumb","itemListElement":[{"@type":"ListItem","position":1,"name":"Portada","item":"https:\/\/hostalesteba.com\/es\/"},{"@type":"ListItem","position":2,"name":"Garant\u00eda Sanitaria en el Hostal Esteba"}]},{"@type":"WebSite","@id":"https:\/\/hostalesteba.com\/es\/#website","url":"https:\/\/hostalesteba.com\/es\/","name":"Hostal Esteba ES","description":"Hostal en Caldes de Malavella - Girona","publisher":{"@id":"https:\/\/hostalesteba.com\/es\/#organization"},"potentialAction":[{"@type":"SearchAction","target":{"@type":"EntryPoint","urlTemplate":"https:\/\/hostalesteba.com\/es\/?s={search_term_string}"},"query-input":{"@type":"PropertyValueSpecification","valueRequired":true,"valueName":"search_term_string"}}],"inLanguage":"es"},{"@type":"Organization","@id":"https:\/\/hostalesteba.com\/es\/#organization","name":"Hostal Esteba","url":"https:\/\/hostalesteba.com\/es\/","logo":{"@type":"ImageObject","inLanguage":"es","@id":"https:\/\/hostalesteba.com\/es\/#\/schema\/logo\/image\/","url":"https:\/\/hostalesteba.com\/wp-content\/uploads\/logo.png","contentUrl":"https:\/\/hostalesteba.com\/wp-content\/uploads\/logo.png","width":201,"height":143,"caption":"Hostal Esteba"},"image":{"@id":"https:\/\/hostalesteba.com\/es\/#\/schema\/logo\/image\/"}}]}},"_links":{"self":[{"href":"https:\/\/hostalesteba.com\/es\/wp-json\/wp\/v2\/pages\/3266","targetHints":{"allow":["GET"]}}],"collection":[{"href":"https:\/\/hostalesteba.com\/es\/wp-json\/wp\/v2\/pages"}],"about":[{"href":"https:\/\/hostalesteba.com\/es\/wp-json\/wp\/v2\/types\/page"}],"author":[{"embeddable":true,"href":"https:\/\/hostalesteba.com\/es\/wp-json\/wp\/v2\/users\/1"}],"replies":[{"embeddable":true,"href":"https:\/\/hostalesteba.com\/es\/wp-json\/wp\/v2\/comments?post=3266"}],"version-history":[{"count":5,"href":"https:\/\/hostalesteba.com\/es\/wp-json\/wp\/v2\/pages\/3266\/revisions"}],"predecessor-version":[{"id":3277,"href":"https:\/\/hostalesteba.com\/es\/wp-json\/wp\/v2\/pages\/3266\/revisions\/3277"}],"wp:attachment":[{"href":"https:\/\/hostalesteba.com\/es\/wp-json\/wp\/v2\/media?parent=3266"}],"curies":[{"name":"wp","href":"https:\/\/api.w.org\/{rel}","templated":true}]}}