{"id":119,"date":"2020-02-12T13:52:01","date_gmt":"2020-02-12T12:52:01","guid":{"rendered":"https:\/\/hostalesteba.com\/?page_id=119"},"modified":"2022-04-04T16:15:32","modified_gmt":"2022-04-04T14:15:32","slug":"avis-juridique","status":"publish","type":"page","link":"https:\/\/hostalesteba.com\/fr\/avis-juridique\/","title":{"rendered":"Avis juridique"},"content":{"rendered":"\t\t<div data-elementor-type=\"wp-page\" data-elementor-id=\"119\" class=\"elementor elementor-119\" data-elementor-post-type=\"page\">\n\t\t\t\t\t\t<section class=\"elementor-section elementor-top-section elementor-element elementor-element-139e281e elementor-section-height-min-height elementor-section-boxed elementor-section-height-default elementor-section-items-middle\" data-id=\"139e281e\" data-element_type=\"section\" data-e-type=\"section\" data-settings=\"{&quot;background_background&quot;:&quot;classic&quot;}\">\n\t\t\t\t\t\t\t<div class=\"elementor-background-overlay\"><\/div>\n\t\t\t\t\t\t\t<div class=\"elementor-container elementor-column-gap-default\">\n\t\t\t\t\t<div class=\"elementor-column elementor-col-100 elementor-top-column elementor-element elementor-element-45f405c5\" data-id=\"45f405c5\" data-element_type=\"column\" data-e-type=\"column\">\n\t\t\t<div class=\"elementor-widget-wrap elementor-element-populated\">\n\t\t\t\t\t\t<div class=\"elementor-element elementor-element-12a76bb1 elementor-widget elementor-widget-heading\" data-id=\"12a76bb1\" data-element_type=\"widget\" data-e-type=\"widget\" data-widget_type=\"heading.default\">\n\t\t\t\t\t<h1 class=\"elementor-heading-title elementor-size-default\">Avis juridique<\/h1>\t\t\t\t<\/div>\n\t\t\t\t\t<\/div>\n\t\t<\/div>\n\t\t\t\t\t<\/div>\n\t\t<\/section>\n\t\t\t\t<section class=\"elementor-section elementor-top-section elementor-element elementor-element-14cc4e5 elementor-section-boxed elementor-section-height-default elementor-section-height-default\" data-id=\"14cc4e5\" data-element_type=\"section\" data-e-type=\"section\">\n\t\t\t\t\t\t<div class=\"elementor-container elementor-column-gap-default\">\n\t\t\t\t\t<div class=\"elementor-column elementor-col-100 elementor-top-column elementor-element elementor-element-79a79df\" data-id=\"79a79df\" data-element_type=\"column\" data-e-type=\"column\">\n\t\t\t<div class=\"elementor-widget-wrap elementor-element-populated\">\n\t\t\t\t\t\t<div class=\"elementor-element elementor-element-4a8543be elementor-widget elementor-widget-text-editor\" data-id=\"4a8543be\" data-element_type=\"widget\" data-e-type=\"widget\" data-widget_type=\"text-editor.default\">\n\t\t\t\t\t\t\t\t\t<p><strong>www.hostaesteba.cat<\/strong><\/p><h2>I. INFORMATIONS G\u00c9N\u00c9RALES<\/h2><p>Conform\u00e9ment \u00e0 l&rsquo;obligation de fournir les informations stipul\u00e9es dans la loi 34\/2002 sur les services de la soci\u00e9t\u00e9 de l&rsquo;information et le commerce \u00e9lectronique (LSSI-CE) du 11 juillet, vous trouverez ci-dessous les informations g\u00e9n\u00e9rales sur ce site web :<\/p><p>La propri\u00e9t\u00e9 du pr\u00e9sent site web, www.hostaesteba.cat, (ci-apr\u00e8s d\u00e9nomm\u00e9 \u00ab\u00a0site web\u00a0\u00bb) <strong>est d\u00e9tenue par :<\/strong> Hostal Esteba 2017, S.L., avec <strong>NIF :<\/strong> B17995150, et dont les coordonn\u00e9es sont :<\/p><p><strong>Adresse :<\/strong> Francesc Maci\u00e0, 2, 17455 Caldes de Malavella, (Girona) Espagne.<\/p><p><strong>Num\u00e9ro de t\u00e9l\u00e9phone du contact :<\/strong> 972470055<\/p><p><strong>Courriel de contact :<\/strong> info@hostalesteba.com<\/p><h2>II. CONDITIONS G\u00c9N\u00c9RALES D&rsquo;UTILISATION<\/h2><p>L&rsquo;objet des conditions : Le site web<\/p><p>Les pr\u00e9sentes conditions g\u00e9n\u00e9rales d&rsquo;utilisation (ci-apr\u00e8s d\u00e9nomm\u00e9es \u00ab\u00a0conditions\u00a0\u00bb) ont pour objet de r\u00e9glementer l&rsquo;acc\u00e8s au site web et son utilisation. Aux fins des pr\u00e9sentes Conditions G\u00e9n\u00e9rales, on entend par Site Internet : l&rsquo;aspect ext\u00e9rieur des interfaces d&rsquo;\u00e9cran, tant statiques que dynamiques, c&rsquo;est-\u00e0-dire l&rsquo;arbre de navigation ; et tous les \u00e9l\u00e9ments int\u00e9gr\u00e9s tant dans les interfaces d&rsquo;\u00e9cran que dans l&rsquo;arbre de navigation (ci-apr\u00e8s, le Contenu) et tous les services ou ressources en ligne qui peuvent \u00eatre propos\u00e9s aux Utilisateurs (ci-apr\u00e8s, les Services).<\/p><p>Hostal Esteba se r\u00e9serve le droit de modifier, \u00e0 tout moment et sans pr\u00e9avis, la pr\u00e9sentation et la configuration du site web et des contenus et services qui peuvent y \u00eatre incorpor\u00e9s. L&rsquo;utilisateur reconna\u00eet et accepte que Hostal Esteba puisse \u00e0 tout moment interrompre, d\u00e9sactiver et\/ou annuler l&rsquo;un de ces \u00e9l\u00e9ments inclus dans le site Web ou l&rsquo;acc\u00e8s \u00e0 ceux-ci.<\/p><p>L&rsquo;acc\u00e8s au Site par l&rsquo;Utilisateur est libre et, en r\u00e8gle g\u00e9n\u00e9rale, gratuit sans que l&rsquo;Utilisateur ait \u00e0 fournir une quelconque contrepartie pour en b\u00e9n\u00e9ficier, \u00e0 l&rsquo;exception du co\u00fbt de la connexion \u00e0 travers le r\u00e9seau de t\u00e9l\u00e9communications fourni par le fournisseur d&rsquo;acc\u00e8s contract\u00e9 par l&rsquo;Utilisateur.<\/p><p>L&rsquo;utilisation de l&rsquo;un des contenus ou services du site web peut \u00eatre effectu\u00e9e au moyen d&rsquo;un abonnement ou d&rsquo;un enregistrement pr\u00e9alable de l&rsquo;utilisateur.<\/p><p><strong>L&rsquo;utilisateur<\/strong><\/p><p>L&rsquo;acc\u00e8s, la navigation et l&rsquo;utilisation du site Web conf\u00e8rent la condition d&rsquo;Utilisateur, et par cons\u00e9quent, d\u00e8s le d\u00e9but de la navigation sur le site Web, toutes les conditions \u00e9tablies ici sont accept\u00e9es, ainsi que leurs modifications ult\u00e9rieures, sans pr\u00e9judice de l&rsquo;application des r\u00e9glementations l\u00e9gales correspondantes qui doivent \u00eatre respect\u00e9es le cas \u00e9ch\u00e9ant. Compte tenu de la pertinence de ce qui pr\u00e9c\u00e8de, il est recommand\u00e9 \u00e0 l&rsquo;Utilisateur de les lire \u00e0 chaque fois qu&rsquo;il visite le Site.<\/p><p>Le site web de l&rsquo;Hostal Esteba fournit un large \u00e9ventail d&rsquo;informations, de services et de donn\u00e9es. L&rsquo;utilisateur assume la responsabilit\u00e9 de l&rsquo;utilisation correcte du site web. Cette responsabilit\u00e9 s&rsquo;\u00e9tend \u00e0 :<\/p><p>Une utilisation de l&rsquo;information, des Contenus et\/ou des Services et donn\u00e9es offerts par Hostal Esteba qui ne soit pas contraire aux dispositions des pr\u00e9sentes Conditions, de la Loi, de la morale ou de l&rsquo;ordre public, ou qui, de toute autre mani\u00e8re, puisse entra\u00eener des dommages aux droits de tiers ou au bon fonctionnement du Site Internet.<br \/>La v\u00e9racit\u00e9 et la l\u00e9galit\u00e9 des informations fournies par l&rsquo;utilisateur dans les formulaires fournis par Hostal Esteba pour acc\u00e9der \u00e0 certains contenus ou services offerts par le site web. Dans tous les cas, l&rsquo;utilisateur devra imm\u00e9diatement informer Hostal Esteba de tout \u00e9v\u00e9nement permettant l&rsquo;utilisation abusive des informations enregistr\u00e9es dans ces formulaires, comme, sans s&rsquo;y limiter, le vol, la perte ou l&rsquo;acc\u00e8s non autoris\u00e9 aux identifiants et\/ou mots de passe, afin de proc\u00e9der \u00e0 leur annulation imm\u00e9diate.<\/p><p>Le simple acc\u00e8s \u00e0 ce site web n&rsquo;implique aucun type de relation commerciale entre Hostal Esteba et l&rsquo;utilisateur.<\/p><p>Conform\u00e9ment \u00e0 la l\u00e9gislation en vigueur, le site web de l&rsquo;Hostal Esteba s&rsquo;adresse \u00e0 toutes les personnes, quel que soit leur \u00e2ge, qui peuvent acc\u00e9der et\/ou naviguer sur les pages du site web.<\/p><h2>III. L&rsquo;ACC\u00c8S ET LA NAVIGATION SUR LE SITE WEB : EXCLUSION DES GARANTIES ET DE LA RESPONSABILIT\u00c9<\/h2><p>Hostal Esteba ne garantit pas la continuit\u00e9, la disponibilit\u00e9 ou l&rsquo;utilit\u00e9 du site web, ni du contenu ou des services. Hostal Esteba fera tout son possible pour assurer le bon fonctionnement du site Web, mais ne garantit pas que l&rsquo;acc\u00e8s \u00e0 ce site Web sera ininterrompu ou sans erreur.<\/p><p>Elle n&rsquo;est pas non plus responsable et ne garantit pas que le contenu ou le logiciel auquel il est possible d&rsquo;acc\u00e9der par le biais de ce site Web soit exempt d&rsquo;erreurs ou qu&rsquo;il cause des dommages au syst\u00e8me informatique (logiciel et mat\u00e9riel) de l&rsquo;utilisateur. En aucun cas Hostal Esteba ne sera responsable des pertes, dommages ou pr\u00e9judices de toute nature r\u00e9sultant de l&rsquo;acc\u00e8s, de la navigation et de l&rsquo;utilisation du site web, y compris, mais sans s&rsquo;y limiter, ceux caus\u00e9s aux syst\u00e8mes informatiques ou ceux caus\u00e9s par l&rsquo;introduction de virus.<\/p><p>Hostal Esteba ne sera pas non plus responsable des dommages qui pourraient \u00eatre caus\u00e9s aux utilisateurs par une utilisation inappropri\u00e9e de ce site Web. En particulier, elle n&rsquo;est pas responsable, de quelque mani\u00e8re que ce soit, des d\u00e9faillances, interruptions, pannes ou d\u00e9fauts de t\u00e9l\u00e9communications qui peuvent survenir.<\/p><h2>IV. POLITIQUE DE LIENS<\/h2><p>Le site web de Hostal Esteba met ou peut mettre \u00e0 la disposition des utilisateurs des moyens de liaison (tels que, entre autres, des liens, des banni\u00e8res, des boutons), des r\u00e9pertoires et des moteurs de recherche qui permettent aux utilisateurs d&rsquo;acc\u00e9der \u00e0 des sites web appartenant \u00e0 et\/ou g\u00e9r\u00e9s par des tiers.<\/p><p>L&rsquo;installation de ces liens, r\u00e9pertoires et moteurs de recherche sur le site Web est destin\u00e9e \u00e0 faciliter la recherche et l&rsquo;acc\u00e8s des utilisateurs aux informations disponibles sur Internet, et ne peut \u00eatre consid\u00e9r\u00e9e comme une suggestion, une recommandation ou une invitation \u00e0 les visiter.<\/p><p>Hostal Esteba n&rsquo;offre ni ne commercialise, en son nom propre ou par l&rsquo;interm\u00e9diaire de tiers, les produits et\/ou services disponibles sur ces sites li\u00e9s.<\/p><p>De m\u00eame, elle ne garantit pas la disponibilit\u00e9 technique, l&rsquo;exactitude, la v\u00e9racit\u00e9, la validit\u00e9 ou la l\u00e9galit\u00e9 des sites ext\u00e9rieurs \u00e0 sa propri\u00e9t\u00e9 auxquels on peut acc\u00e9der par les liens.<\/p><p>Hostal Esteba ne r\u00e9vise ni ne contr\u00f4le en aucun cas le contenu d&rsquo;autres sites web, et n&rsquo;approuve, n&rsquo;examine ni ne soutient les produits et services, le contenu, les fichiers et tout autre mat\u00e9riel existant sur lesdits sites li\u00e9s.<\/p><p>Hostal Esteba d\u00e9cline toute responsabilit\u00e9 quant aux dommages et pr\u00e9judices pouvant d\u00e9couler de l&rsquo;acc\u00e8s, de l&rsquo;utilisation, de la qualit\u00e9 ou de la l\u00e9galit\u00e9 des contenus, communications, opinions, produits et services des sites web non g\u00e9r\u00e9s par Hostal Esteba et qui sont li\u00e9s \u00e0 ce site web.<\/p><p>Les utilisateurs ou les tiers qui cr\u00e9ent un lien hypertexte \u00e0 partir d&rsquo;une page web d&rsquo;un autre site web, diff\u00e9rent, vers le site web de Hostal Esteba doivent savoir que :<\/p><p>La reproduction &#8211; totale ou partielle &#8211; de l&rsquo;un des contenus et\/ou services du site web n&rsquo;est pas autoris\u00e9e sans l&rsquo;autorisation expresse de Hostal Esteba.<\/p><p>Il est interdit de faire des d\u00e9clarations fausses, inexactes ou incorrectes sur le site web de Hostal Esteba, ainsi que sur les contenus et\/ou services du site web.<\/p><p>\u00c0 l&rsquo;exception de l&rsquo;hyperlien, le site web sur lequel l&rsquo;hyperlien est \u00e9tabli ne contiendra aucun \u00e9l\u00e9ment de ce site web prot\u00e9g\u00e9 comme propri\u00e9t\u00e9 intellectuelle par la l\u00e9gislation espagnole, sauf autorisation expresse de Hostal Esteba.<\/p><p>L&rsquo;\u00e9tablissement de l&rsquo;hyperlien n&rsquo;implique pas l&rsquo;existence d&rsquo;une relation entre Hostal Esteba et le propri\u00e9taire du site web \u00e0 partir duquel il est \u00e9tabli, ni la connaissance et l&rsquo;acceptation par Hostal Esteba des contenus, services et\/ou activit\u00e9s propos\u00e9s sur ledit site web, et vice versa.<\/p><h2>V. PROPRI\u00c9T\u00c9 INTELLECTUELLE ET INDUSTRIELLE<\/h2><p>Hostal Esteba est propri\u00e9taire, seul ou en tant que cessionnaire, de tous les droits de propri\u00e9t\u00e9 intellectuelle et industrielle du site Web, ainsi que des \u00e9l\u00e9ments qu&rsquo;il contient (y compris, mais sans s&rsquo;y limiter, les images, le son, l&rsquo;audio, la vid\u00e9o, les logiciels ou les textes, les marques ou les logos, les combinaisons de couleurs, la structure et la conception, la s\u00e9lection des mat\u00e9riaux utilis\u00e9s, les programmes informatiques n\u00e9cessaires \u00e0 son fonctionnement, son acc\u00e8s et son utilisation, etc.) Il s&rsquo;agit donc d&rsquo;\u0153uvres prot\u00e9g\u00e9es en tant que propri\u00e9t\u00e9 intellectuelle par l&rsquo;ordre juridique espagnol, la r\u00e9glementation espagnole et communautaire en la mati\u00e8re leur \u00e9tant applicable, ainsi que les trait\u00e9s internationaux relatifs \u00e0 la mati\u00e8re et sign\u00e9s par l&rsquo;Espagne.<\/p><p>Tous droits r\u00e9serv\u00e9s. Conform\u00e9ment aux dispositions de la loi sur la propri\u00e9t\u00e9 intellectuelle, la reproduction, la distribution et la communication publique, y compris la mise \u00e0 disposition, de tout ou partie du contenu de ce site web, \u00e0 des fins commerciales, sur tout support et par tout moyen technique, sans l&rsquo;autorisation de Hostal Esteba, sont express\u00e9ment interdites.<\/p><p>L&rsquo;utilisateur s&rsquo;engage \u00e0 respecter les droits de propri\u00e9t\u00e9 intellectuelle et industrielle de Hostal Esteba. Vous pouvez visualiser les \u00e9l\u00e9ments du site web, voire les imprimer, les copier et les stocker sur le disque dur de votre ordinateur ou sur tout autre support physique, \u00e0 condition que ce soit exclusivement pour votre usage personnel. L&rsquo;utilisateur ne peut toutefois pas retirer, modifier ou manipuler tout dispositif de protection ou syst\u00e8me de s\u00e9curit\u00e9 install\u00e9 sur le site web.<\/p><p>Dans le cas o\u00f9 l&rsquo;utilisateur ou un tiers consid\u00e8re que l&rsquo;un des contenus du site Web implique une violation des droits de protection de la propri\u00e9t\u00e9 intellectuelle, il devra en informer imm\u00e9diatement Hostal Esteba \u00e0 travers les coordonn\u00e9es indiqu\u00e9es dans la section INFORMATIONS G\u00c9N\u00c9RALES du pr\u00e9sent avis l\u00e9gal et conditions g\u00e9n\u00e9rales d&rsquo;utilisation.<\/p><h2>VI. ACTION EN JUSTICE, DROIT APPLICABLE ET JURIDICTION<\/h2><p>Hostal Esteba se r\u00e9serve le droit d&rsquo;intenter toute action civile ou p\u00e9nale qu&rsquo;il jugera n\u00e9cessaire en cas d&rsquo;utilisation inappropri\u00e9e du site Web et de ses contenus, ou de violation des pr\u00e9sentes conditions.<\/p><p>La relation entre l&rsquo;utilisateur et Hostal Esteba sera r\u00e9gie par la r\u00e9glementation en vigueur et applicable sur le territoire espagnol. En cas de litige relatif \u00e0 l&rsquo;interpr\u00e9tation et\/ou \u00e0 l&rsquo;application des pr\u00e9sentes Conditions, les parties soumettent leurs diff\u00e9rends \u00e0 la juridiction ordinaire, en se soumettant aux juges et aux tribunaux qui correspondent selon la loi.<\/p><p>Le pr\u00e9sent document d&rsquo;avis juridique et de conditions g\u00e9n\u00e9rales d&rsquo;utilisation du site web a \u00e9t\u00e9 cr\u00e9\u00e9 au moyen du g\u00e9n\u00e9rateur de mod\u00e8les d&rsquo;avis juridique et de conditions d&rsquo;utilisation en ligne le 17\/2\/2022.<\/p>\t\t\t\t\t\t\t\t<\/div>\n\t\t\t\t\t<\/div>\n\t\t<\/div>\n\t\t\t\t\t<\/div>\n\t\t<\/section>\n\t\t\t\t<\/div>\n\t\t","protected":false},"excerpt":{"rendered":"<p>Avis juridique www.hostaesteba.cat I. INFORMATIONS G\u00c9N\u00c9RALES Conform\u00e9ment \u00e0 l&rsquo;obligation de fournir les informations stipul\u00e9es dans la loi 34\/2002 sur les services de la soci\u00e9t\u00e9 de l&rsquo;information et le commerce \u00e9lectronique (LSSI-CE) du 11 juillet, vous trouverez ci-dessous les informations g\u00e9n\u00e9rales sur ce site web : La propri\u00e9t\u00e9 du pr\u00e9sent site web, www.hostaesteba.cat, (ci-apr\u00e8s d\u00e9nomm\u00e9 \u00ab\u00a0site [&hellip;]<\/p>\n","protected":false},"author":1,"featured_media":0,"parent":0,"menu_order":0,"comment_status":"closed","ping_status":"closed","template":"elementor_header_footer","meta":{"_acf_changed":false,"footnotes":""},"class_list":["post-119","page","type-page","status-publish","hentry"],"acf":[],"yoast_head":"<!-- This site is optimized with the Yoast SEO plugin v27.4 - https:\/\/yoast.com\/product\/yoast-seo-wordpress\/ -->\n<title>Avis juridique - Hostal Esteba FR<\/title>\n<meta name=\"robots\" content=\"index, follow, max-snippet:-1, max-image-preview:large, max-video-preview:-1\" \/>\n<link rel=\"canonical\" href=\"https:\/\/hostalesteba.com\/fr\/avis-juridique\/\" \/>\n<meta property=\"og:locale\" content=\"fr_FR\" \/>\n<meta property=\"og:type\" content=\"article\" \/>\n<meta property=\"og:title\" content=\"Avis juridique - Hostal Esteba FR\" \/>\n<meta property=\"og:description\" content=\"Avis juridique www.hostaesteba.cat I. INFORMATIONS G\u00c9N\u00c9RALES Conform\u00e9ment \u00e0 l&rsquo;obligation de fournir les informations stipul\u00e9es dans la loi 34\/2002 sur les services de la soci\u00e9t\u00e9 de l&rsquo;information et le commerce \u00e9lectronique (LSSI-CE) du 11 juillet, vous trouverez ci-dessous les informations g\u00e9n\u00e9rales sur ce site web : La propri\u00e9t\u00e9 du pr\u00e9sent site web, www.hostaesteba.cat, (ci-apr\u00e8s d\u00e9nomm\u00e9 \u00ab\u00a0site [&hellip;]\" \/>\n<meta property=\"og:url\" content=\"https:\/\/hostalesteba.com\/fr\/avis-juridique\/\" \/>\n<meta property=\"og:site_name\" content=\"Hostal Esteba FR\" \/>\n<meta property=\"article:modified_time\" content=\"2022-04-04T14:15:32+00:00\" \/>\n<meta name=\"twitter:card\" content=\"summary_large_image\" \/>\n<meta name=\"twitter:label1\" content=\"Dur\u00e9e de lecture estim\u00e9e\" \/>\n\t<meta name=\"twitter:data1\" content=\"9 minutes\" \/>\n<script type=\"application\/ld+json\" class=\"yoast-schema-graph\">{\"@context\":\"https:\\\/\\\/schema.org\",\"@graph\":[{\"@type\":\"WebPage\",\"@id\":\"https:\\\/\\\/hostalesteba.com\\\/fr\\\/avis-juridique\\\/\",\"url\":\"https:\\\/\\\/hostalesteba.com\\\/fr\\\/avis-juridique\\\/\",\"name\":\"Avis juridique - Hostal Esteba FR\",\"isPartOf\":{\"@id\":\"https:\\\/\\\/hostalesteba.com\\\/fr\\\/#website\"},\"datePublished\":\"2020-02-12T12:52:01+00:00\",\"dateModified\":\"2022-04-04T14:15:32+00:00\",\"breadcrumb\":{\"@id\":\"https:\\\/\\\/hostalesteba.com\\\/fr\\\/avis-juridique\\\/#breadcrumb\"},\"inLanguage\":\"fr-FR\",\"potentialAction\":[{\"@type\":\"ReadAction\",\"target\":[\"https:\\\/\\\/hostalesteba.com\\\/fr\\\/avis-juridique\\\/\"]}]},{\"@type\":\"BreadcrumbList\",\"@id\":\"https:\\\/\\\/hostalesteba.com\\\/fr\\\/avis-juridique\\\/#breadcrumb\",\"itemListElement\":[{\"@type\":\"ListItem\",\"position\":1,\"name\":\"Portada\",\"item\":\"https:\\\/\\\/hostalesteba.com\\\/fr\\\/\"},{\"@type\":\"ListItem\",\"position\":2,\"name\":\"Avis juridique\"}]},{\"@type\":\"WebSite\",\"@id\":\"https:\\\/\\\/hostalesteba.com\\\/fr\\\/#website\",\"url\":\"https:\\\/\\\/hostalesteba.com\\\/fr\\\/\",\"name\":\"Hostal Esteba FR\",\"description\":\"Hostal en Caldes de Malavella - Girona\",\"publisher\":{\"@id\":\"https:\\\/\\\/hostalesteba.com\\\/fr\\\/#organization\"},\"potentialAction\":[{\"@type\":\"SearchAction\",\"target\":{\"@type\":\"EntryPoint\",\"urlTemplate\":\"https:\\\/\\\/hostalesteba.com\\\/fr\\\/?s={search_term_string}\"},\"query-input\":{\"@type\":\"PropertyValueSpecification\",\"valueRequired\":true,\"valueName\":\"search_term_string\"}}],\"inLanguage\":\"fr-FR\"},{\"@type\":\"Organization\",\"@id\":\"https:\\\/\\\/hostalesteba.com\\\/fr\\\/#organization\",\"name\":\"Hostal Esteba\",\"url\":\"https:\\\/\\\/hostalesteba.com\\\/fr\\\/\",\"logo\":{\"@type\":\"ImageObject\",\"inLanguage\":\"fr-FR\",\"@id\":\"https:\\\/\\\/hostalesteba.com\\\/fr\\\/#\\\/schema\\\/logo\\\/image\\\/\",\"url\":\"https:\\\/\\\/hostalesteba.com\\\/wp-content\\\/uploads\\\/logo.png\",\"contentUrl\":\"https:\\\/\\\/hostalesteba.com\\\/wp-content\\\/uploads\\\/logo.png\",\"width\":201,\"height\":143,\"caption\":\"Hostal Esteba\"},\"image\":{\"@id\":\"https:\\\/\\\/hostalesteba.com\\\/fr\\\/#\\\/schema\\\/logo\\\/image\\\/\"}}]}<\/script>\n<!-- \/ Yoast SEO plugin. -->","yoast_head_json":{"title":"Avis juridique - Hostal Esteba FR","robots":{"index":"index","follow":"follow","max-snippet":"max-snippet:-1","max-image-preview":"max-image-preview:large","max-video-preview":"max-video-preview:-1"},"canonical":"https:\/\/hostalesteba.com\/fr\/avis-juridique\/","og_locale":"fr_FR","og_type":"article","og_title":"Avis juridique - Hostal Esteba FR","og_description":"Avis juridique www.hostaesteba.cat I. INFORMATIONS G\u00c9N\u00c9RALES Conform\u00e9ment \u00e0 l&rsquo;obligation de fournir les informations stipul\u00e9es dans la loi 34\/2002 sur les services de la soci\u00e9t\u00e9 de l&rsquo;information et le commerce \u00e9lectronique (LSSI-CE) du 11 juillet, vous trouverez ci-dessous les informations g\u00e9n\u00e9rales sur ce site web : La propri\u00e9t\u00e9 du pr\u00e9sent site web, www.hostaesteba.cat, (ci-apr\u00e8s d\u00e9nomm\u00e9 \u00ab\u00a0site [&hellip;]","og_url":"https:\/\/hostalesteba.com\/fr\/avis-juridique\/","og_site_name":"Hostal Esteba FR","article_modified_time":"2022-04-04T14:15:32+00:00","twitter_card":"summary_large_image","twitter_misc":{"Dur\u00e9e de lecture estim\u00e9e":"9 minutes"},"schema":{"@context":"https:\/\/schema.org","@graph":[{"@type":"WebPage","@id":"https:\/\/hostalesteba.com\/fr\/avis-juridique\/","url":"https:\/\/hostalesteba.com\/fr\/avis-juridique\/","name":"Avis juridique - Hostal Esteba FR","isPartOf":{"@id":"https:\/\/hostalesteba.com\/fr\/#website"},"datePublished":"2020-02-12T12:52:01+00:00","dateModified":"2022-04-04T14:15:32+00:00","breadcrumb":{"@id":"https:\/\/hostalesteba.com\/fr\/avis-juridique\/#breadcrumb"},"inLanguage":"fr-FR","potentialAction":[{"@type":"ReadAction","target":["https:\/\/hostalesteba.com\/fr\/avis-juridique\/"]}]},{"@type":"BreadcrumbList","@id":"https:\/\/hostalesteba.com\/fr\/avis-juridique\/#breadcrumb","itemListElement":[{"@type":"ListItem","position":1,"name":"Portada","item":"https:\/\/hostalesteba.com\/fr\/"},{"@type":"ListItem","position":2,"name":"Avis juridique"}]},{"@type":"WebSite","@id":"https:\/\/hostalesteba.com\/fr\/#website","url":"https:\/\/hostalesteba.com\/fr\/","name":"Hostal Esteba FR","description":"Hostal en Caldes de Malavella - Girona","publisher":{"@id":"https:\/\/hostalesteba.com\/fr\/#organization"},"potentialAction":[{"@type":"SearchAction","target":{"@type":"EntryPoint","urlTemplate":"https:\/\/hostalesteba.com\/fr\/?s={search_term_string}"},"query-input":{"@type":"PropertyValueSpecification","valueRequired":true,"valueName":"search_term_string"}}],"inLanguage":"fr-FR"},{"@type":"Organization","@id":"https:\/\/hostalesteba.com\/fr\/#organization","name":"Hostal Esteba","url":"https:\/\/hostalesteba.com\/fr\/","logo":{"@type":"ImageObject","inLanguage":"fr-FR","@id":"https:\/\/hostalesteba.com\/fr\/#\/schema\/logo\/image\/","url":"https:\/\/hostalesteba.com\/wp-content\/uploads\/logo.png","contentUrl":"https:\/\/hostalesteba.com\/wp-content\/uploads\/logo.png","width":201,"height":143,"caption":"Hostal Esteba"},"image":{"@id":"https:\/\/hostalesteba.com\/fr\/#\/schema\/logo\/image\/"}}]}},"_links":{"self":[{"href":"https:\/\/hostalesteba.com\/fr\/wp-json\/wp\/v2\/pages\/119","targetHints":{"allow":["GET"]}}],"collection":[{"href":"https:\/\/hostalesteba.com\/fr\/wp-json\/wp\/v2\/pages"}],"about":[{"href":"https:\/\/hostalesteba.com\/fr\/wp-json\/wp\/v2\/types\/page"}],"author":[{"embeddable":true,"href":"https:\/\/hostalesteba.com\/fr\/wp-json\/wp\/v2\/users\/1"}],"replies":[{"embeddable":true,"href":"https:\/\/hostalesteba.com\/fr\/wp-json\/wp\/v2\/comments?post=119"}],"version-history":[{"count":33,"href":"https:\/\/hostalesteba.com\/fr\/wp-json\/wp\/v2\/pages\/119\/revisions"}],"predecessor-version":[{"id":3513,"href":"https:\/\/hostalesteba.com\/fr\/wp-json\/wp\/v2\/pages\/119\/revisions\/3513"}],"wp:attachment":[{"href":"https:\/\/hostalesteba.com\/fr\/wp-json\/wp\/v2\/media?parent=119"}],"curies":[{"name":"wp","href":"https:\/\/api.w.org\/{rel}","templated":true}]}}