{"id":3266,"date":"2022-01-31T10:36:46","date_gmt":"2022-01-31T09:36:46","guid":{"rendered":"https:\/\/hostalesteba.com\/?page_id=3266"},"modified":"2022-04-04T15:50:39","modified_gmt":"2022-04-04T13:50:39","slug":"garantie-de-sante-de-lhostal-esteba","status":"publish","type":"page","link":"https:\/\/hostalesteba.com\/fr\/garantie-de-sante-de-lhostal-esteba\/","title":{"rendered":"Garantie de sant\u00e9 de l&rsquo;Hostal Esteba"},"content":{"rendered":"\t\t<div data-elementor-type=\"wp-page\" data-elementor-id=\"3266\" class=\"elementor elementor-3266\" data-elementor-post-type=\"page\">\n\t\t\t\t\t\t<section class=\"elementor-section elementor-top-section elementor-element elementor-element-54424dd3 elementor-section-height-min-height elementor-section-boxed elementor-section-height-default elementor-section-items-middle\" data-id=\"54424dd3\" data-element_type=\"section\" data-e-type=\"section\" data-settings=\"{&quot;background_background&quot;:&quot;classic&quot;}\">\n\t\t\t\t\t\t\t<div class=\"elementor-background-overlay\"><\/div>\n\t\t\t\t\t\t\t<div class=\"elementor-container elementor-column-gap-default\">\n\t\t\t\t\t<div class=\"elementor-column elementor-col-100 elementor-top-column elementor-element elementor-element-5aacdd57\" data-id=\"5aacdd57\" data-element_type=\"column\" data-e-type=\"column\">\n\t\t\t<div class=\"elementor-widget-wrap elementor-element-populated\">\n\t\t\t\t\t\t<div class=\"elementor-element elementor-element-3e1f4c5d elementor-widget elementor-widget-heading\" data-id=\"3e1f4c5d\" data-element_type=\"widget\" data-e-type=\"widget\" data-widget_type=\"heading.default\">\n\t\t\t\t\t<h1 class=\"elementor-heading-title elementor-size-default\">Garantie de sant\u00e9 de l'Hostal Esteba<\/h1>\t\t\t\t<\/div>\n\t\t\t\t\t<\/div>\n\t\t<\/div>\n\t\t\t\t\t<\/div>\n\t\t<\/section>\n\t\t\t\t<section class=\"elementor-section elementor-top-section elementor-element elementor-element-1d04c967 elementor-section-boxed elementor-section-height-default elementor-section-height-default\" data-id=\"1d04c967\" data-element_type=\"section\" data-e-type=\"section\">\n\t\t\t\t\t\t<div class=\"elementor-container elementor-column-gap-default\">\n\t\t\t\t\t<div class=\"elementor-column elementor-col-100 elementor-top-column elementor-element elementor-element-46b69de8\" data-id=\"46b69de8\" data-element_type=\"column\" data-e-type=\"column\">\n\t\t\t<div class=\"elementor-widget-wrap elementor-element-populated\">\n\t\t\t\t\t\t<div class=\"elementor-element elementor-element-7940c312 elementor-widget elementor-widget-text-editor\" data-id=\"7940c312\" data-element_type=\"widget\" data-e-type=\"widget\" data-widget_type=\"text-editor.default\">\n\t\t\t\t\t\t\t\t\t<p>Toute l&rsquo;\u00e9quipe est form\u00e9e et s&rsquo;engage \u00e0 assurer votre s\u00e9curit\u00e9. \u00c0 cette fin, nous suivons de nouveaux protocoles et de nouvelles m\u00e9thodes de travail.<\/p><p><strong>MESURES MISES EN \u0152UVRE POUR COVID19<\/strong><\/p><p><strong>CHECK IN<\/strong><\/p><p>Num\u00e9risation de l&rsquo;enregistrement\u00a0<\/p><p>1.- En signant la documentation sur un appareil \u00e9lectronique pr\u00e9alablement aseptis\u00e9 \u00e0 l&rsquo;arriv\u00e9e \u00e0 la r\u00e9ception, en \u00e9vitant l&rsquo;utilisation de papier \u00e0 lettres.<\/p><p>2 &#8211; Ou en vous enregistrant avant votre arriv\u00e9e (depuis votre appareil).<\/p><p><strong>INFORMATIONS \u00c0 LA R\u00c9CEPTION ET DANS LES CHAMBRES<\/strong><\/p><p>Les informations sur l&rsquo;ensemble de l&rsquo;offre d&rsquo;accueil de l&rsquo;h\u00f4tel seront pr\u00e9sent\u00e9es \u00e0 l&rsquo;aide de QR codes plac\u00e9s \u00e0 la r\u00e9ception et dans chacune des chambres, \u00e9vitant ainsi l&rsquo;utilisation de supports physiques.<\/p><p><strong>DISINFECTION<\/strong><\/p><p><strong>PERSONNEL :<\/strong> Gel hydroalcoolique dans tous les espaces communs de l&rsquo;auberge et dans le restaurant.<\/p><p><strong>ZONES COMMUNES :<\/strong> La fr\u00e9quence de nettoyage des zones communes est augment\u00e9e. Elle est r\u00e9alis\u00e9e selon un protocole strict et enregistrable. Le d\u00e9tergent d\u00e9sinfectant bact\u00e9ricide SUMA PLUS D10, approuv\u00e9 par les autorit\u00e9s sanitaires, est le produit final utilis\u00e9 sur toutes les surfaces.<\/p><p><strong>LINGE :<\/strong> Le linge de lit et de bain est nettoy\u00e9 par un lavage \u00e0 70\u00baC et la barri\u00e8re sanitaire entre le linge propre et le linge sale est garantie.<\/p><p><strong>MEUBLES ET ACCESSOIRES :<\/strong><\/p><p>Les moquettes sont retir\u00e9es des chambres.<\/p><p>Les rideaux des chambres et des espaces communs seront vaporis\u00e9s quotidiennement avec un produit d\u00e9sinfectant.<\/p><p>Les cartes de chambre sont d\u00e9sinfect\u00e9es \u00e0 l&rsquo;aide de lampes \u00e0 ultraviolets.<\/p><p><strong>VENTILATION NATURELLE<\/strong><\/p><p><strong>ZONES COMMUNES :<\/strong> Cette op\u00e9ration est effectu\u00e9e plus fr\u00e9quemment (minimum 4 fois par jour).<\/p><p><strong>CAFETERIA \/ BISTROT :<\/strong> Il est fait avant et apr\u00e8s chaque service.<\/p><p><strong>RESTAURANT :<\/strong> Il est fait avant et apr\u00e8s chaque service.<\/p><p><strong>HALL :<\/strong> Il est fait plus fr\u00e9quemment (minimum 4 fois par jour).<\/p><p><strong>CHAMBRES :<\/strong> Il est fait pendant la p\u00e9riode de nettoyage du matin.<\/p><p><strong>OFFRE DE NOURRITURE ET DE BOISSONS<\/strong><\/p><p><strong>BREAKFAST<\/strong><\/p><p>Nous adaptons le petit-d\u00e9jeuner pour qu&rsquo;il soit r\u00e9alis\u00e9 \u00e0 la carte avec des offres de diff\u00e9rents packs pour r\u00e9pondre \u00e0 tous les go\u00fbts et pr\u00e9f\u00e9rences de nos clients.<\/p><p><strong>RESTAURANT, CAF\u00c9T\u00c9RIA, BISTROT ET TERRASSE<\/strong><\/p><p>Tous les menus seront en format num\u00e9rique ou \u00e0 usage unique afin d&rsquo;\u00e9viter les supports physiques peu hygi\u00e9niques.<\/p><p><strong>ACTIVIT\u00c9S<\/strong><\/p><p>Toutes les activit\u00e9s organis\u00e9es seront programm\u00e9es sur rendez-vous pr\u00e9alable, en tenant compte de la capacit\u00e9 de l&rsquo;espace et de la distance n\u00e9cessaire pour garantir votre s\u00e9curit\u00e9.<\/p>\t\t\t\t\t\t\t\t<\/div>\n\t\t\t\t\t<\/div>\n\t\t<\/div>\n\t\t\t\t\t<\/div>\n\t\t<\/section>\n\t\t\t\t<\/div>\n\t\t","protected":false},"excerpt":{"rendered":"<p>Garantie de sant\u00e9 de l&rsquo;Hostal Esteba Toute l&rsquo;\u00e9quipe est form\u00e9e et s&rsquo;engage \u00e0 assurer votre s\u00e9curit\u00e9. \u00c0 cette fin, nous suivons de nouveaux protocoles et de nouvelles m\u00e9thodes de travail. MESURES MISES EN \u0152UVRE POUR COVID19 CHECK IN Num\u00e9risation de l&rsquo;enregistrement\u00a0 1.- En signant la documentation sur un appareil \u00e9lectronique pr\u00e9alablement aseptis\u00e9 \u00e0 l&rsquo;arriv\u00e9e \u00e0 [&hellip;]<\/p>\n","protected":false},"author":1,"featured_media":0,"parent":0,"menu_order":0,"comment_status":"closed","ping_status":"closed","template":"elementor_header_footer","meta":{"_acf_changed":false,"footnotes":""},"class_list":["post-3266","page","type-page","status-publish","hentry"],"acf":[],"yoast_head":"<!-- This site is optimized with the Yoast SEO plugin v27.4 - https:\/\/yoast.com\/product\/yoast-seo-wordpress\/ -->\n<title>Garantie de sant\u00e9 de l&#039;Hostal Esteba - Hostal Esteba FR<\/title>\n<meta name=\"description\" content=\"Toute l&#039;\u00e9quipe est form\u00e9e et s&#039;engage \u00e0 assurer votre s\u00e9curit\u00e9. \u00c0 cette fin, nous suivons de nouveaux protocoles et de nouvelles m\u00e9thodes...\" \/>\n<meta name=\"robots\" content=\"index, follow, max-snippet:-1, max-image-preview:large, max-video-preview:-1\" \/>\n<link rel=\"canonical\" href=\"https:\/\/hostalesteba.com\/fr\/garantie-de-sante-de-lhostal-esteba\/\" \/>\n<meta property=\"og:locale\" content=\"fr_FR\" \/>\n<meta property=\"og:type\" content=\"article\" \/>\n<meta property=\"og:title\" content=\"Garantie de sant\u00e9 de l&#039;Hostal Esteba - Hostal Esteba FR\" \/>\n<meta property=\"og:description\" content=\"Toute l&#039;\u00e9quipe est form\u00e9e et s&#039;engage \u00e0 assurer votre s\u00e9curit\u00e9. \u00c0 cette fin, nous suivons de nouveaux protocoles et de nouvelles m\u00e9thodes...\" \/>\n<meta property=\"og:url\" content=\"https:\/\/hostalesteba.com\/fr\/garantie-de-sante-de-lhostal-esteba\/\" \/>\n<meta property=\"og:site_name\" content=\"Hostal Esteba FR\" \/>\n<meta property=\"article:modified_time\" content=\"2022-04-04T13:50:39+00:00\" \/>\n<meta name=\"twitter:card\" content=\"summary_large_image\" \/>\n<meta name=\"twitter:label1\" content=\"Dur\u00e9e de lecture estim\u00e9e\" \/>\n\t<meta name=\"twitter:data1\" content=\"2 minutes\" \/>\n<script type=\"application\/ld+json\" class=\"yoast-schema-graph\">{\"@context\":\"https:\\\/\\\/schema.org\",\"@graph\":[{\"@type\":\"WebPage\",\"@id\":\"https:\\\/\\\/hostalesteba.com\\\/fr\\\/garantie-de-sante-de-lhostal-esteba\\\/\",\"url\":\"https:\\\/\\\/hostalesteba.com\\\/fr\\\/garantie-de-sante-de-lhostal-esteba\\\/\",\"name\":\"Garantie de sant\u00e9 de l'Hostal Esteba - Hostal Esteba FR\",\"isPartOf\":{\"@id\":\"https:\\\/\\\/hostalesteba.com\\\/fr\\\/#website\"},\"datePublished\":\"2022-01-31T09:36:46+00:00\",\"dateModified\":\"2022-04-04T13:50:39+00:00\",\"description\":\"Toute l'\u00e9quipe est form\u00e9e et s'engage \u00e0 assurer votre s\u00e9curit\u00e9. \u00c0 cette fin, nous suivons de nouveaux protocoles et de nouvelles m\u00e9thodes...\",\"breadcrumb\":{\"@id\":\"https:\\\/\\\/hostalesteba.com\\\/fr\\\/garantie-de-sante-de-lhostal-esteba\\\/#breadcrumb\"},\"inLanguage\":\"fr-FR\",\"potentialAction\":[{\"@type\":\"ReadAction\",\"target\":[\"https:\\\/\\\/hostalesteba.com\\\/fr\\\/garantie-de-sante-de-lhostal-esteba\\\/\"]}]},{\"@type\":\"BreadcrumbList\",\"@id\":\"https:\\\/\\\/hostalesteba.com\\\/fr\\\/garantie-de-sante-de-lhostal-esteba\\\/#breadcrumb\",\"itemListElement\":[{\"@type\":\"ListItem\",\"position\":1,\"name\":\"Portada\",\"item\":\"https:\\\/\\\/hostalesteba.com\\\/fr\\\/\"},{\"@type\":\"ListItem\",\"position\":2,\"name\":\"Garantie de sant\u00e9 de l&rsquo;Hostal Esteba\"}]},{\"@type\":\"WebSite\",\"@id\":\"https:\\\/\\\/hostalesteba.com\\\/fr\\\/#website\",\"url\":\"https:\\\/\\\/hostalesteba.com\\\/fr\\\/\",\"name\":\"Hostal Esteba FR\",\"description\":\"Hostal en Caldes de Malavella - Girona\",\"publisher\":{\"@id\":\"https:\\\/\\\/hostalesteba.com\\\/fr\\\/#organization\"},\"potentialAction\":[{\"@type\":\"SearchAction\",\"target\":{\"@type\":\"EntryPoint\",\"urlTemplate\":\"https:\\\/\\\/hostalesteba.com\\\/fr\\\/?s={search_term_string}\"},\"query-input\":{\"@type\":\"PropertyValueSpecification\",\"valueRequired\":true,\"valueName\":\"search_term_string\"}}],\"inLanguage\":\"fr-FR\"},{\"@type\":\"Organization\",\"@id\":\"https:\\\/\\\/hostalesteba.com\\\/fr\\\/#organization\",\"name\":\"Hostal Esteba\",\"url\":\"https:\\\/\\\/hostalesteba.com\\\/fr\\\/\",\"logo\":{\"@type\":\"ImageObject\",\"inLanguage\":\"fr-FR\",\"@id\":\"https:\\\/\\\/hostalesteba.com\\\/fr\\\/#\\\/schema\\\/logo\\\/image\\\/\",\"url\":\"https:\\\/\\\/hostalesteba.com\\\/wp-content\\\/uploads\\\/logo.png\",\"contentUrl\":\"https:\\\/\\\/hostalesteba.com\\\/wp-content\\\/uploads\\\/logo.png\",\"width\":201,\"height\":143,\"caption\":\"Hostal Esteba\"},\"image\":{\"@id\":\"https:\\\/\\\/hostalesteba.com\\\/fr\\\/#\\\/schema\\\/logo\\\/image\\\/\"}}]}<\/script>\n<!-- \/ Yoast SEO plugin. -->","yoast_head_json":{"title":"Garantie de sant\u00e9 de l'Hostal Esteba - Hostal Esteba FR","description":"Toute l'\u00e9quipe est form\u00e9e et s'engage \u00e0 assurer votre s\u00e9curit\u00e9. \u00c0 cette fin, nous suivons de nouveaux protocoles et de nouvelles m\u00e9thodes...","robots":{"index":"index","follow":"follow","max-snippet":"max-snippet:-1","max-image-preview":"max-image-preview:large","max-video-preview":"max-video-preview:-1"},"canonical":"https:\/\/hostalesteba.com\/fr\/garantie-de-sante-de-lhostal-esteba\/","og_locale":"fr_FR","og_type":"article","og_title":"Garantie de sant\u00e9 de l'Hostal Esteba - Hostal Esteba FR","og_description":"Toute l'\u00e9quipe est form\u00e9e et s'engage \u00e0 assurer votre s\u00e9curit\u00e9. \u00c0 cette fin, nous suivons de nouveaux protocoles et de nouvelles m\u00e9thodes...","og_url":"https:\/\/hostalesteba.com\/fr\/garantie-de-sante-de-lhostal-esteba\/","og_site_name":"Hostal Esteba FR","article_modified_time":"2022-04-04T13:50:39+00:00","twitter_card":"summary_large_image","twitter_misc":{"Dur\u00e9e de lecture estim\u00e9e":"2 minutes"},"schema":{"@context":"https:\/\/schema.org","@graph":[{"@type":"WebPage","@id":"https:\/\/hostalesteba.com\/fr\/garantie-de-sante-de-lhostal-esteba\/","url":"https:\/\/hostalesteba.com\/fr\/garantie-de-sante-de-lhostal-esteba\/","name":"Garantie de sant\u00e9 de l'Hostal Esteba - Hostal Esteba FR","isPartOf":{"@id":"https:\/\/hostalesteba.com\/fr\/#website"},"datePublished":"2022-01-31T09:36:46+00:00","dateModified":"2022-04-04T13:50:39+00:00","description":"Toute l'\u00e9quipe est form\u00e9e et s'engage \u00e0 assurer votre s\u00e9curit\u00e9. \u00c0 cette fin, nous suivons de nouveaux protocoles et de nouvelles m\u00e9thodes...","breadcrumb":{"@id":"https:\/\/hostalesteba.com\/fr\/garantie-de-sante-de-lhostal-esteba\/#breadcrumb"},"inLanguage":"fr-FR","potentialAction":[{"@type":"ReadAction","target":["https:\/\/hostalesteba.com\/fr\/garantie-de-sante-de-lhostal-esteba\/"]}]},{"@type":"BreadcrumbList","@id":"https:\/\/hostalesteba.com\/fr\/garantie-de-sante-de-lhostal-esteba\/#breadcrumb","itemListElement":[{"@type":"ListItem","position":1,"name":"Portada","item":"https:\/\/hostalesteba.com\/fr\/"},{"@type":"ListItem","position":2,"name":"Garantie de sant\u00e9 de l&rsquo;Hostal Esteba"}]},{"@type":"WebSite","@id":"https:\/\/hostalesteba.com\/fr\/#website","url":"https:\/\/hostalesteba.com\/fr\/","name":"Hostal Esteba FR","description":"Hostal en Caldes de Malavella - Girona","publisher":{"@id":"https:\/\/hostalesteba.com\/fr\/#organization"},"potentialAction":[{"@type":"SearchAction","target":{"@type":"EntryPoint","urlTemplate":"https:\/\/hostalesteba.com\/fr\/?s={search_term_string}"},"query-input":{"@type":"PropertyValueSpecification","valueRequired":true,"valueName":"search_term_string"}}],"inLanguage":"fr-FR"},{"@type":"Organization","@id":"https:\/\/hostalesteba.com\/fr\/#organization","name":"Hostal Esteba","url":"https:\/\/hostalesteba.com\/fr\/","logo":{"@type":"ImageObject","inLanguage":"fr-FR","@id":"https:\/\/hostalesteba.com\/fr\/#\/schema\/logo\/image\/","url":"https:\/\/hostalesteba.com\/wp-content\/uploads\/logo.png","contentUrl":"https:\/\/hostalesteba.com\/wp-content\/uploads\/logo.png","width":201,"height":143,"caption":"Hostal Esteba"},"image":{"@id":"https:\/\/hostalesteba.com\/fr\/#\/schema\/logo\/image\/"}}]}},"_links":{"self":[{"href":"https:\/\/hostalesteba.com\/fr\/wp-json\/wp\/v2\/pages\/3266","targetHints":{"allow":["GET"]}}],"collection":[{"href":"https:\/\/hostalesteba.com\/fr\/wp-json\/wp\/v2\/pages"}],"about":[{"href":"https:\/\/hostalesteba.com\/fr\/wp-json\/wp\/v2\/types\/page"}],"author":[{"embeddable":true,"href":"https:\/\/hostalesteba.com\/fr\/wp-json\/wp\/v2\/users\/1"}],"replies":[{"embeddable":true,"href":"https:\/\/hostalesteba.com\/fr\/wp-json\/wp\/v2\/comments?post=3266"}],"version-history":[{"count":13,"href":"https:\/\/hostalesteba.com\/fr\/wp-json\/wp\/v2\/pages\/3266\/revisions"}],"predecessor-version":[{"id":3492,"href":"https:\/\/hostalesteba.com\/fr\/wp-json\/wp\/v2\/pages\/3266\/revisions\/3492"}],"wp:attachment":[{"href":"https:\/\/hostalesteba.com\/fr\/wp-json\/wp\/v2\/media?parent=3266"}],"curies":[{"name":"wp","href":"https:\/\/api.w.org\/{rel}","templated":true}]}}